{"id":3360,"date":"2020-08-10T18:40:26","date_gmt":"2020-08-10T16:40:26","guid":{"rendered":"https:\/\/www.mr-vin.com\/producto\/import-placeholder-for-774\/"},"modified":"2024-05-30T12:56:43","modified_gmt":"2024-05-30T10:56:43","slug":"el-picaro-magnum","status":"publish","type":"product","link":"https:\/\/www.mr-vin.com\/en\/product\/el-picaro-magnum\/","title":{"rendered":"El Picaro Magnum"},"content":{"rendered":"<p>100% tinta de toro, vi\u00f1edos de 70-80 a\u00f1os. 6 meses de crianza. Viticultura biodin\u00e1mica.<\/p>\n","protected":false},"excerpt":{"rendered":"<p>100% tinta de toro, vi\u00f1edos de 70-80 a\u00f1os. 6 meses de crianza. Viticultura biodin\u00e1mica.<\/p>\n","protected":false},"featured_media":847,"template":"","meta":{"inline_featured_image":false,"_monsterinsights_skip_tracking":false,"_monsterinsights_sitenote_active":false,"_monsterinsights_sitenote_note":"","_monsterinsights_sitenote_category":0},"product_brand":[],"product_cat":[440,77],"product_tag":[],"class_list":{"0":"post-3360","1":"product","2":"type-product","3":"status-publish","4":"has-post-thumbnail","6":"product_cat-magnum","7":"product_cat-vinos-tintos","8":"pa_bodega-matsu","9":"pa_estilo-intensidad-media","10":"pa_estilo-tinto-suave-fresco","11":"pa_zona-vinicola-d-o-toro","13":"first","14":"instock","15":"taxable","16":"shipping-taxable","17":"purchasable","18":"product-type-simple"},"_links":{"self":[{"href":"https:\/\/www.mr-vin.com\/en\/wp-json\/wp\/v2\/product\/3360","targetHints":{"allow":["GET"]}}],"collection":[{"href":"https:\/\/www.mr-vin.com\/en\/wp-json\/wp\/v2\/product"}],"about":[{"href":"https:\/\/www.mr-vin.com\/en\/wp-json\/wp\/v2\/types\/product"}],"wp:featuredmedia":[{"embeddable":true,"href":"https:\/\/www.mr-vin.com\/en\/wp-json\/wp\/v2\/media\/847"}],"wp:attachment":[{"href":"https:\/\/www.mr-vin.com\/en\/wp-json\/wp\/v2\/media?parent=3360"}],"wp:term":[{"taxonomy":"product_brand","embeddable":true,"href":"https:\/\/www.mr-vin.com\/en\/wp-json\/wp\/v2\/product_brand?post=3360"},{"taxonomy":"product_cat","embeddable":true,"href":"https:\/\/www.mr-vin.com\/en\/wp-json\/wp\/v2\/product_cat?post=3360"},{"taxonomy":"product_tag","embeddable":true,"href":"https:\/\/www.mr-vin.com\/en\/wp-json\/wp\/v2\/product_tag?post=3360"}],"curies":[{"name":"wp","href":"https:\/\/api.w.org\/{rel}","templated":true}]}}