{"id":3353,"date":"2020-08-10T18:40:26","date_gmt":"2020-08-10T18:40:26","guid":{"rendered":"https:\/\/www.mr-vin.com\/producto\/import-placeholder-for-767\/"},"modified":"2024-05-30T12:56:42","modified_gmt":"2024-05-30T10:56:42","slug":"malleolus-magnum","status":"publish","type":"product","link":"https:\/\/www.mr-vin.com\/en\/product\/malleolus-magnum\/","title":{"rendered":"Malleolus Magnum"},"content":{"rendered":"<p>100% tinto fino. Vi\u00f1edos de 25-75 a\u00f1os con 18 meses de crianza. Producci\u00f3n: 65.000 botellas.<\/p>\n","protected":false},"excerpt":{"rendered":"<p>100% tinto fino. Vi\u00f1edos de 25-75 a\u00f1os con 18 meses de crianza. Producci\u00f3n: 65.000 botellas.<\/p>\n","protected":false},"featured_media":1923,"template":"","meta":{"inline_featured_image":false,"_monsterinsights_skip_tracking":false,"_monsterinsights_sitenote_active":false,"_monsterinsights_sitenote_note":"","_monsterinsights_sitenote_category":0},"product_brand":[],"product_cat":[440,77],"product_tag":[],"class_list":{"0":"post-3353","1":"product","2":"type-product","3":"status-publish","4":"has-post-thumbnail","6":"product_cat-magnum","7":"product_cat-vinos-tintos","8":"pa_bodega-emilio-moro","9":"pa_estilo-intensidad-alta","10":"pa_estilo-tinto-con-cuerpo","11":"pa_zona-vinicola-d-o-ribera-del-duero","13":"first","14":"instock","15":"taxable","16":"shipping-taxable","17":"purchasable","18":"product-type-simple"},"_links":{"self":[{"href":"https:\/\/www.mr-vin.com\/en\/wp-json\/wp\/v2\/product\/3353","targetHints":{"allow":["GET"]}}],"collection":[{"href":"https:\/\/www.mr-vin.com\/en\/wp-json\/wp\/v2\/product"}],"about":[{"href":"https:\/\/www.mr-vin.com\/en\/wp-json\/wp\/v2\/types\/product"}],"wp:featuredmedia":[{"embeddable":true,"href":"https:\/\/www.mr-vin.com\/en\/wp-json\/wp\/v2\/media\/1923"}],"wp:attachment":[{"href":"https:\/\/www.mr-vin.com\/en\/wp-json\/wp\/v2\/media?parent=3353"}],"wp:term":[{"taxonomy":"product_brand","embeddable":true,"href":"https:\/\/www.mr-vin.com\/en\/wp-json\/wp\/v2\/product_brand?post=3353"},{"taxonomy":"product_cat","embeddable":true,"href":"https:\/\/www.mr-vin.com\/en\/wp-json\/wp\/v2\/product_cat?post=3353"},{"taxonomy":"product_tag","embeddable":true,"href":"https:\/\/www.mr-vin.com\/en\/wp-json\/wp\/v2\/product_tag?post=3353"}],"curies":[{"name":"wp","href":"https:\/\/api.w.org\/{rel}","templated":true}]}}