{"id":3351,"date":"2020-08-10T18:40:25","date_gmt":"2020-08-10T18:40:25","guid":{"rendered":"https:\/\/www.mr-vin.com\/producto\/import-placeholder-for-765\/"},"modified":"2024-06-02T19:46:12","modified_gmt":"2024-06-02T17:46:12","slug":"roda-reserva-magnum","status":"publish","type":"product","link":"https:\/\/www.mr-vin.com\/en\/product\/roda-reserva-magnum\/","title":{"rendered":"Roda Reserva Magnum"},"content":{"rendered":"<p>89% tempranillo, 9% graciano y 2% garnacha. Fermentaci\u00f3n en tinas de roble y maleol\u00e1ctica en barrica. 14 meses en barrica de roble franc\u00e9s, 40% nuevas, y 30 meses en botellas.<\/p>\n","protected":false},"excerpt":{"rendered":"<p>89% tempranillo, 9% graciano y 2% garnacha. Fermentaci\u00f3n en tinas de roble y maleol\u00e1ctica en barrica. 14 meses en barrica\u2026<\/p>\n","protected":false},"featured_media":1805,"template":"","meta":{"inline_featured_image":false,"_monsterinsights_skip_tracking":false,"_monsterinsights_sitenote_active":false,"_monsterinsights_sitenote_note":"","_monsterinsights_sitenote_category":0},"product_brand":[],"product_cat":[440,77],"product_tag":[],"class_list":{"0":"post-3351","1":"product","2":"type-product","3":"status-publish","4":"has-post-thumbnail","6":"product_cat-magnum","7":"product_cat-vinos-tintos","8":"pa_bodega-roda","9":"pa_estilo-buena-estructura","10":"pa_estilo-tinto-con-cuerpo","11":"pa_zona-vinicola-d-o-c-rioja","13":"first","14":"instock","15":"taxable","16":"shipping-taxable","17":"purchasable","18":"product-type-simple"},"_links":{"self":[{"href":"https:\/\/www.mr-vin.com\/en\/wp-json\/wp\/v2\/product\/3351","targetHints":{"allow":["GET"]}}],"collection":[{"href":"https:\/\/www.mr-vin.com\/en\/wp-json\/wp\/v2\/product"}],"about":[{"href":"https:\/\/www.mr-vin.com\/en\/wp-json\/wp\/v2\/types\/product"}],"wp:featuredmedia":[{"embeddable":true,"href":"https:\/\/www.mr-vin.com\/en\/wp-json\/wp\/v2\/media\/1805"}],"wp:attachment":[{"href":"https:\/\/www.mr-vin.com\/en\/wp-json\/wp\/v2\/media?parent=3351"}],"wp:term":[{"taxonomy":"product_brand","embeddable":true,"href":"https:\/\/www.mr-vin.com\/en\/wp-json\/wp\/v2\/product_brand?post=3351"},{"taxonomy":"product_cat","embeddable":true,"href":"https:\/\/www.mr-vin.com\/en\/wp-json\/wp\/v2\/product_cat?post=3351"},{"taxonomy":"product_tag","embeddable":true,"href":"https:\/\/www.mr-vin.com\/en\/wp-json\/wp\/v2\/product_tag?post=3351"}],"curies":[{"name":"wp","href":"https:\/\/api.w.org\/{rel}","templated":true}]}}