{"id":3344,"date":"2020-08-10T18:40:25","date_gmt":"2020-08-10T16:40:25","guid":{"rendered":"https:\/\/www.mr-vin.com\/producto\/import-placeholder-for-758\/"},"modified":"2024-05-30T12:56:40","modified_gmt":"2024-05-30T10:56:40","slug":"reserve-gassac-blanc","status":"publish","type":"product","link":"https:\/\/www.mr-vin.com\/en\/product\/reserve-gassac-blanc\/","title":{"rendered":"Reserve Gassac Blanc"},"content":{"rendered":"<p>Elaborado con Viognier, Marsanne y Chardonnay. Este es el hermano peque\u00f1o de uno de los vinos m\u00e1s m\u00edticos de Francia, el Mas de Daumas Gassac.<\/p>\n","protected":false},"excerpt":{"rendered":"<p>Elaborado con Viognier, Marsanne y Chardonnay. Este es el hermano peque\u00f1o de uno de los vinos m\u00e1s m\u00edticos de Francia,\u2026<\/p>\n","protected":false},"featured_media":3624,"template":"","meta":{"inline_featured_image":false,"_monsterinsights_skip_tracking":false,"_monsterinsights_sitenote_active":false,"_monsterinsights_sitenote_note":"","_monsterinsights_sitenote_category":0},"product_brand":[],"product_cat":[79],"product_tag":[],"class_list":{"0":"post-3344","1":"product","2":"type-product","3":"status-publish","4":"has-post-thumbnail","6":"product_cat-vinos-blancos","7":"pa_bodega-mas-de-daumas-gassac","8":"pa_estilo-blanco-joven-fresco-con-estructura","10":"first","11":"instock","12":"taxable","13":"shipping-taxable","14":"purchasable","15":"product-type-simple"},"_links":{"self":[{"href":"https:\/\/www.mr-vin.com\/en\/wp-json\/wp\/v2\/product\/3344","targetHints":{"allow":["GET"]}}],"collection":[{"href":"https:\/\/www.mr-vin.com\/en\/wp-json\/wp\/v2\/product"}],"about":[{"href":"https:\/\/www.mr-vin.com\/en\/wp-json\/wp\/v2\/types\/product"}],"wp:featuredmedia":[{"embeddable":true,"href":"https:\/\/www.mr-vin.com\/en\/wp-json\/wp\/v2\/media\/3624"}],"wp:attachment":[{"href":"https:\/\/www.mr-vin.com\/en\/wp-json\/wp\/v2\/media?parent=3344"}],"wp:term":[{"taxonomy":"product_brand","embeddable":true,"href":"https:\/\/www.mr-vin.com\/en\/wp-json\/wp\/v2\/product_brand?post=3344"},{"taxonomy":"product_cat","embeddable":true,"href":"https:\/\/www.mr-vin.com\/en\/wp-json\/wp\/v2\/product_cat?post=3344"},{"taxonomy":"product_tag","embeddable":true,"href":"https:\/\/www.mr-vin.com\/en\/wp-json\/wp\/v2\/product_tag?post=3344"}],"curies":[{"name":"wp","href":"https:\/\/api.w.org\/{rel}","templated":true}]}}