{"id":332,"date":"2020-07-21T11:22:34","date_gmt":"2020-07-21T11:22:34","guid":{"rendered":"https:\/\/www.mr-vin.com\/producto\/import-placeholder-for-2231\/"},"modified":"2026-02-17T11:19:07","modified_gmt":"2026-02-17T09:19:07","slug":"borsao-bole","status":"publish","type":"product","link":"https:\/\/www.mr-vin.com\/en\/product\/borsao-bole\/","title":{"rendered":"Borsao Bole"},"content":{"rendered":"<p>70% garnacha y 30% syrah. 3 meses barrica de roble franc\u00e9s.<\/p>\n<p>Garnacha y syrah. Borsao Bole es su \u00faltima creaci\u00f3n: una nueva garnacha, aunque esta vez con un 30% de syrah, de media crianza (3-4 meses en barrica), goloso y muy f\u00e1cil de beber con el que la bodega pretende llegar al gran p\u00fablico; una imagen muy cuidada y un precio de lo m\u00e1s asequible les sirve de presentaci\u00f3n para demostrar su buena relaci\u00f3n calidad-precio.<\/p>\n<p><strong>Maridaje:<\/strong> Carnes rojas, embutidos, quesos semicurados..<\/p>\n","protected":false},"excerpt":{"rendered":"<p>70% garnacha y 30% syrah. 3 meses barrica de roble franc\u00e9s. Garnacha y syrah. Borsao Bole es su \u00faltima creaci\u00f3n:\u2026<\/p>\n","protected":false},"featured_media":376,"template":"","meta":{"inline_featured_image":false,"_monsterinsights_skip_tracking":false,"_monsterinsights_sitenote_active":false,"_monsterinsights_sitenote_note":"","_monsterinsights_sitenote_category":0},"product_brand":[],"product_cat":[806,77],"product_tag":[],"class_list":{"0":"post-332","1":"product","2":"type-product","3":"status-publish","4":"has-post-thumbnail","6":"product_cat-vinos-revelacion","7":"product_cat-vinos-tintos","8":"pa_bodega-borsao","9":"pa_estilo-intensidad-media","10":"pa_estilo-tinto-suave-fresco","11":"pa_zona-vinicola-d-o-campo-de-borja","13":"first","14":"instock","15":"taxable","16":"shipping-taxable","17":"purchasable","18":"product-type-simple"},"_links":{"self":[{"href":"https:\/\/www.mr-vin.com\/en\/wp-json\/wp\/v2\/product\/332","targetHints":{"allow":["GET"]}}],"collection":[{"href":"https:\/\/www.mr-vin.com\/en\/wp-json\/wp\/v2\/product"}],"about":[{"href":"https:\/\/www.mr-vin.com\/en\/wp-json\/wp\/v2\/types\/product"}],"wp:featuredmedia":[{"embeddable":true,"href":"https:\/\/www.mr-vin.com\/en\/wp-json\/wp\/v2\/media\/376"}],"wp:attachment":[{"href":"https:\/\/www.mr-vin.com\/en\/wp-json\/wp\/v2\/media?parent=332"}],"wp:term":[{"taxonomy":"product_brand","embeddable":true,"href":"https:\/\/www.mr-vin.com\/en\/wp-json\/wp\/v2\/product_brand?post=332"},{"taxonomy":"product_cat","embeddable":true,"href":"https:\/\/www.mr-vin.com\/en\/wp-json\/wp\/v2\/product_cat?post=332"},{"taxonomy":"product_tag","embeddable":true,"href":"https:\/\/www.mr-vin.com\/en\/wp-json\/wp\/v2\/product_tag?post=332"}],"curies":[{"name":"wp","href":"https:\/\/api.w.org\/{rel}","templated":true}]}}