{"id":3288,"date":"2020-08-10T18:40:04","date_gmt":"2020-08-10T18:40:04","guid":{"rendered":"https:\/\/www.mr-vin.com\/producto\/import-placeholder-for-702\/"},"modified":"2024-07-04T20:26:22","modified_gmt":"2024-07-04T18:26:22","slug":"jose-pariente-verdejo-magnum","status":"publish","type":"product","link":"https:\/\/www.mr-vin.com\/en\/product\/jose-pariente-verdejo-magnum\/","title":{"rendered":"Jose Pariente Verdejo Magnum"},"content":{"rendered":"<p>100% verdejo procedente de vi\u00f1edos de m\u00e1s de 30 a\u00f1os.<\/p>\n","protected":false},"excerpt":{"rendered":"<p>100% verdejo procedente de vi\u00f1edos de m\u00e1s de 30 a\u00f1os.<\/p>\n","protected":false},"featured_media":3522,"template":"","meta":{"inline_featured_image":false,"_monsterinsights_skip_tracking":false,"_monsterinsights_sitenote_active":false,"_monsterinsights_sitenote_note":"","_monsterinsights_sitenote_category":0},"product_brand":[],"product_cat":[440,79],"product_tag":[],"class_list":{"0":"post-3288","1":"product","2":"type-product","3":"status-publish","4":"has-post-thumbnail","6":"product_cat-magnum","7":"product_cat-vinos-blancos","8":"pa_bodega-jose-pariente","9":"pa_estilo-blanco-joven-fresco-con-estructura","10":"pa_zona-vinicola-d-o-rueda","12":"first","13":"instock","14":"taxable","15":"shipping-taxable","16":"purchasable","17":"product-type-simple"},"_links":{"self":[{"href":"https:\/\/www.mr-vin.com\/en\/wp-json\/wp\/v2\/product\/3288","targetHints":{"allow":["GET"]}}],"collection":[{"href":"https:\/\/www.mr-vin.com\/en\/wp-json\/wp\/v2\/product"}],"about":[{"href":"https:\/\/www.mr-vin.com\/en\/wp-json\/wp\/v2\/types\/product"}],"wp:featuredmedia":[{"embeddable":true,"href":"https:\/\/www.mr-vin.com\/en\/wp-json\/wp\/v2\/media\/3522"}],"wp:attachment":[{"href":"https:\/\/www.mr-vin.com\/en\/wp-json\/wp\/v2\/media?parent=3288"}],"wp:term":[{"taxonomy":"product_brand","embeddable":true,"href":"https:\/\/www.mr-vin.com\/en\/wp-json\/wp\/v2\/product_brand?post=3288"},{"taxonomy":"product_cat","embeddable":true,"href":"https:\/\/www.mr-vin.com\/en\/wp-json\/wp\/v2\/product_cat?post=3288"},{"taxonomy":"product_tag","embeddable":true,"href":"https:\/\/www.mr-vin.com\/en\/wp-json\/wp\/v2\/product_tag?post=3288"}],"curies":[{"name":"wp","href":"https:\/\/api.w.org\/{rel}","templated":true}]}}