{"id":3237,"date":"2020-08-10T18:39:42","date_gmt":"2020-08-10T16:39:42","guid":{"rendered":"https:\/\/www.mr-vin.com\/producto\/import-placeholder-for-651\/"},"modified":"2024-05-30T12:56:31","modified_gmt":"2024-05-30T10:56:31","slug":"lequilibrista-blanc","status":"publish","type":"product","link":"https:\/\/www.mr-vin.com\/en\/product\/lequilibrista-blanc\/","title":{"rendered":"L&#8217;Equilibrista Blanc"},"content":{"rendered":"<p>Elaborado con\u00a0Xarel.lo\u00a0procedentes de vi\u00f1as viejas de m\u00e1s de 40 a\u00f1os con 6 meses de crianza en barricas de roble franc\u00e9s.<\/p>\n","protected":false},"excerpt":{"rendered":"<p>Elaborado con\u00a0Xarel.lo\u00a0procedentes de vi\u00f1as viejas de m\u00e1s de 40 a\u00f1os con 6 meses de crianza en barricas de roble franc\u00e9s.<\/p>\n","protected":false},"featured_media":3435,"template":"","meta":{"inline_featured_image":false,"_monsterinsights_skip_tracking":false,"_monsterinsights_sitenote_active":false,"_monsterinsights_sitenote_note":"","_monsterinsights_sitenote_category":0},"product_brand":[],"product_cat":[79],"product_tag":[],"class_list":{"0":"post-3237","1":"product","2":"type-product","3":"status-publish","4":"has-post-thumbnail","6":"product_cat-vinos-blancos","7":"pa_bodega-ca-nestruc","8":"pa_estilo-blanco-joven-fresco-con-estructura","9":"pa_zona-vinicola-d-o-cataluna","11":"first","12":"instock","13":"taxable","14":"shipping-taxable","15":"purchasable","16":"product-type-simple"},"_links":{"self":[{"href":"https:\/\/www.mr-vin.com\/en\/wp-json\/wp\/v2\/product\/3237","targetHints":{"allow":["GET"]}}],"collection":[{"href":"https:\/\/www.mr-vin.com\/en\/wp-json\/wp\/v2\/product"}],"about":[{"href":"https:\/\/www.mr-vin.com\/en\/wp-json\/wp\/v2\/types\/product"}],"wp:featuredmedia":[{"embeddable":true,"href":"https:\/\/www.mr-vin.com\/en\/wp-json\/wp\/v2\/media\/3435"}],"wp:attachment":[{"href":"https:\/\/www.mr-vin.com\/en\/wp-json\/wp\/v2\/media?parent=3237"}],"wp:term":[{"taxonomy":"product_brand","embeddable":true,"href":"https:\/\/www.mr-vin.com\/en\/wp-json\/wp\/v2\/product_brand?post=3237"},{"taxonomy":"product_cat","embeddable":true,"href":"https:\/\/www.mr-vin.com\/en\/wp-json\/wp\/v2\/product_cat?post=3237"},{"taxonomy":"product_tag","embeddable":true,"href":"https:\/\/www.mr-vin.com\/en\/wp-json\/wp\/v2\/product_tag?post=3237"}],"curies":[{"name":"wp","href":"https:\/\/api.w.org\/{rel}","templated":true}]}}