{"id":3234,"date":"2020-08-10T18:39:42","date_gmt":"2020-08-10T16:39:42","guid":{"rendered":"https:\/\/www.mr-vin.com\/producto\/import-placeholder-for-648\/"},"modified":"2025-06-11T11:11:10","modified_gmt":"2025-06-11T09:11:10","slug":"vora-la-mar","status":"publish","type":"product","link":"https:\/\/www.mr-vin.com\/en\/product\/vora-la-mar\/","title":{"rendered":"Vora la Mar"},"content":{"rendered":"<p>Elaborado con Pansa Blanca de la propiedad de Alta Alella, que se encuentra tan solo a 2 km del mar.<\/p>\n<p><span class=\"il\">E<\/span>s un homenaje al Mediterr\u00e1neo y a\u00a0<span class=\"il\">la<\/span>\u00a0ciudad de Barcelona. Un vino exquisito, f\u00e1cil, ligero, con aromas florales y c\u00edtricos, y un sutil toque salino que le aporta el frescor del mar Mediterr\u00e1neo, tan cercano, limpio, puro y cristalino.<\/p>\n","protected":false},"excerpt":{"rendered":"<p>Elaborado con Pansa Blanca de la propiedad de Alta Alella, que se encuentra tan solo a 2 km del mar.\u2026<\/p>\n","protected":false},"featured_media":3429,"template":"","meta":{"inline_featured_image":false,"_monsterinsights_skip_tracking":false,"_monsterinsights_sitenote_active":false,"_monsterinsights_sitenote_note":"","_monsterinsights_sitenote_category":0},"product_brand":[],"product_cat":[79,78],"product_tag":[],"class_list":{"0":"post-3234","1":"product","2":"type-product","3":"status-publish","4":"has-post-thumbnail","6":"product_cat-vinos-blancos","7":"product_cat-vinos-ecologicos","8":"pa_bodega-alta-alella","9":"pa_estilo-blanco-maduro-con-estructura","10":"pa_zona-vinicola-d-o-alella","12":"first","13":"outofstock","14":"taxable","15":"shipping-taxable","16":"purchasable","17":"product-type-simple"},"_links":{"self":[{"href":"https:\/\/www.mr-vin.com\/en\/wp-json\/wp\/v2\/product\/3234","targetHints":{"allow":["GET"]}}],"collection":[{"href":"https:\/\/www.mr-vin.com\/en\/wp-json\/wp\/v2\/product"}],"about":[{"href":"https:\/\/www.mr-vin.com\/en\/wp-json\/wp\/v2\/types\/product"}],"wp:featuredmedia":[{"embeddable":true,"href":"https:\/\/www.mr-vin.com\/en\/wp-json\/wp\/v2\/media\/3429"}],"wp:attachment":[{"href":"https:\/\/www.mr-vin.com\/en\/wp-json\/wp\/v2\/media?parent=3234"}],"wp:term":[{"taxonomy":"product_brand","embeddable":true,"href":"https:\/\/www.mr-vin.com\/en\/wp-json\/wp\/v2\/product_brand?post=3234"},{"taxonomy":"product_cat","embeddable":true,"href":"https:\/\/www.mr-vin.com\/en\/wp-json\/wp\/v2\/product_cat?post=3234"},{"taxonomy":"product_tag","embeddable":true,"href":"https:\/\/www.mr-vin.com\/en\/wp-json\/wp\/v2\/product_tag?post=3234"}],"curies":[{"name":"wp","href":"https:\/\/api.w.org\/{rel}","templated":true}]}}