{"id":3222,"date":"2020-08-10T18:39:41","date_gmt":"2020-08-10T18:39:41","guid":{"rendered":"https:\/\/www.mr-vin.com\/producto\/import-placeholder-for-636\/"},"modified":"2024-05-30T12:56:30","modified_gmt":"2024-05-30T10:56:30","slug":"andre-jacquart-mesnil-esperience-zero-dosage","status":"publish","type":"product","link":"https:\/\/www.mr-vin.com\/en\/product\/andre-jacquart-mesnil-esperience-zero-dosage\/","title":{"rendered":"Andre Jacquart Mesnil Experience Zero Dosage"},"content":{"rendered":"<p>Un blanc de blancs elaborado 100% con chardonnay de vi\u00f1as Grand Cru. M\u00e1s de 6 a\u00f1os de crianza.<\/p>\n","protected":false},"excerpt":{"rendered":"<p>Un blanc de blancs elaborado 100% con chardonnay de vi\u00f1as Grand Cru. M\u00e1s de 6 a\u00f1os de crianza.<\/p>\n","protected":false},"featured_media":3415,"template":"","meta":{"inline_featured_image":false,"_monsterinsights_skip_tracking":false,"_monsterinsights_sitenote_active":false,"_monsterinsights_sitenote_note":"","_monsterinsights_sitenote_category":0},"product_brand":[],"product_cat":[277],"product_tag":[],"class_list":{"0":"post-3222","1":"product","2":"type-product","3":"status-publish","4":"has-post-thumbnail","6":"product_cat-espumosos","7":"pa_bodega-andre-jacquart","8":"pa_estilo-espumoso-maduro","9":"pa_zona-vinicola-champagne","11":"first","12":"instock","13":"taxable","14":"shipping-taxable","15":"purchasable","16":"product-type-simple"},"_links":{"self":[{"href":"https:\/\/www.mr-vin.com\/en\/wp-json\/wp\/v2\/product\/3222","targetHints":{"allow":["GET"]}}],"collection":[{"href":"https:\/\/www.mr-vin.com\/en\/wp-json\/wp\/v2\/product"}],"about":[{"href":"https:\/\/www.mr-vin.com\/en\/wp-json\/wp\/v2\/types\/product"}],"wp:featuredmedia":[{"embeddable":true,"href":"https:\/\/www.mr-vin.com\/en\/wp-json\/wp\/v2\/media\/3415"}],"wp:attachment":[{"href":"https:\/\/www.mr-vin.com\/en\/wp-json\/wp\/v2\/media?parent=3222"}],"wp:term":[{"taxonomy":"product_brand","embeddable":true,"href":"https:\/\/www.mr-vin.com\/en\/wp-json\/wp\/v2\/product_brand?post=3222"},{"taxonomy":"product_cat","embeddable":true,"href":"https:\/\/www.mr-vin.com\/en\/wp-json\/wp\/v2\/product_cat?post=3222"},{"taxonomy":"product_tag","embeddable":true,"href":"https:\/\/www.mr-vin.com\/en\/wp-json\/wp\/v2\/product_tag?post=3222"}],"curies":[{"name":"wp","href":"https:\/\/api.w.org\/{rel}","templated":true}]}}