{"id":3211,"date":"2020-08-10T18:39:32","date_gmt":"2020-08-10T16:39:32","guid":{"rendered":"https:\/\/www.mr-vin.com\/producto\/import-placeholder-for-625\/"},"modified":"2024-05-30T12:56:27","modified_gmt":"2024-05-30T10:56:27","slug":"hacienda-lopez-de-haro-classica-gran-reserva-blanco-2012","status":"publish","type":"product","link":"https:\/\/www.mr-vin.com\/en\/product\/hacienda-lopez-de-haro-classica-gran-reserva-blanco-2012\/","title":{"rendered":"Hacienda L\u00f3pez de Haro Classica Gran Reserva Blanco 2012"},"content":{"rendered":"<p>Elaborado con viura, malvas\u00eda y garnacha blanca con 36 meses de barrica y redondeado en botella m\u00e1s de 3 a\u00f1os.<\/p>\n","protected":false},"excerpt":{"rendered":"<p>Elaborado con viura, malvas\u00eda y garnacha blanca con 36 meses de barrica y redondeado en botella m\u00e1s de 3 a\u00f1os.<\/p>\n","protected":false},"featured_media":2018,"template":"","meta":{"inline_featured_image":false,"_monsterinsights_skip_tracking":false,"_monsterinsights_sitenote_active":false,"_monsterinsights_sitenote_note":"","_monsterinsights_sitenote_category":0},"product_brand":[],"product_cat":[79],"product_tag":[],"class_list":{"0":"post-3211","1":"product","2":"type-product","3":"status-publish","4":"has-post-thumbnail","6":"product_cat-vinos-blancos","7":"pa_bodega-hacienda-lopez-de-haro","8":"pa_zona-vinicola-d-o-c-rioja","10":"first","11":"instock","12":"taxable","13":"shipping-taxable","14":"purchasable","15":"product-type-simple"},"_links":{"self":[{"href":"https:\/\/www.mr-vin.com\/en\/wp-json\/wp\/v2\/product\/3211","targetHints":{"allow":["GET"]}}],"collection":[{"href":"https:\/\/www.mr-vin.com\/en\/wp-json\/wp\/v2\/product"}],"about":[{"href":"https:\/\/www.mr-vin.com\/en\/wp-json\/wp\/v2\/types\/product"}],"wp:featuredmedia":[{"embeddable":true,"href":"https:\/\/www.mr-vin.com\/en\/wp-json\/wp\/v2\/media\/2018"}],"wp:attachment":[{"href":"https:\/\/www.mr-vin.com\/en\/wp-json\/wp\/v2\/media?parent=3211"}],"wp:term":[{"taxonomy":"product_brand","embeddable":true,"href":"https:\/\/www.mr-vin.com\/en\/wp-json\/wp\/v2\/product_brand?post=3211"},{"taxonomy":"product_cat","embeddable":true,"href":"https:\/\/www.mr-vin.com\/en\/wp-json\/wp\/v2\/product_cat?post=3211"},{"taxonomy":"product_tag","embeddable":true,"href":"https:\/\/www.mr-vin.com\/en\/wp-json\/wp\/v2\/product_tag?post=3211"}],"curies":[{"name":"wp","href":"https:\/\/api.w.org\/{rel}","templated":true}]}}