{"id":3206,"date":"2020-08-10T18:39:31","date_gmt":"2020-08-10T16:39:31","guid":{"rendered":"https:\/\/www.mr-vin.com\/producto\/import-placeholder-for-620\/"},"modified":"2025-12-29T13:25:29","modified_gmt":"2025-12-29T11:25:29","slug":"garmon","status":"publish","type":"product","link":"https:\/\/www.mr-vin.com\/en\/product\/garmon\/","title":{"rendered":"Garm\u00f3n-Bodegas Mauro"},"content":{"rendered":"<p>100% tempranillo.<\/p>\n<p>Garm\u00f3n\u00a0 es la m\u00e1xima expresi\u00f3n de la Tempranillo cultivada en vi\u00f1edos de m\u00e1s de 30 a\u00f1os en la Ribera del Duero. Elaborado por la familia Garc\u00eda, este tinto destaca por su refinamiento, complejidad y una madurez equilibrada, que lo convierten en una apuesta segura para los amantes del vino de gran linaje.<\/p>\n","protected":false},"excerpt":{"rendered":"<p>100% tempranillo. Garm\u00f3n\u00a0 es la m\u00e1xima expresi\u00f3n de la Tempranillo cultivada en vi\u00f1edos de m\u00e1s de 30 a\u00f1os en la\u2026<\/p>\n","protected":false},"featured_media":1959,"template":"","meta":{"inline_featured_image":false,"_monsterinsights_skip_tracking":false,"_monsterinsights_sitenote_active":false,"_monsterinsights_sitenote_note":"","_monsterinsights_sitenote_category":0},"product_brand":[],"product_cat":[77],"product_tag":[810],"class_list":{"0":"post-3206","1":"product","2":"type-product","3":"status-publish","4":"has-post-thumbnail","6":"product_cat-vinos-tintos","7":"product_tag-wineweek2021","8":"pa_bodega-garmon-continental","9":"pa_estilo-buena-estructura","10":"pa_estilo-tinto-con-cuerpo","12":"first","13":"instock","14":"taxable","15":"shipping-taxable","16":"purchasable","17":"product-type-simple"},"_links":{"self":[{"href":"https:\/\/www.mr-vin.com\/en\/wp-json\/wp\/v2\/product\/3206","targetHints":{"allow":["GET"]}}],"collection":[{"href":"https:\/\/www.mr-vin.com\/en\/wp-json\/wp\/v2\/product"}],"about":[{"href":"https:\/\/www.mr-vin.com\/en\/wp-json\/wp\/v2\/types\/product"}],"wp:featuredmedia":[{"embeddable":true,"href":"https:\/\/www.mr-vin.com\/en\/wp-json\/wp\/v2\/media\/1959"}],"wp:attachment":[{"href":"https:\/\/www.mr-vin.com\/en\/wp-json\/wp\/v2\/media?parent=3206"}],"wp:term":[{"taxonomy":"product_brand","embeddable":true,"href":"https:\/\/www.mr-vin.com\/en\/wp-json\/wp\/v2\/product_brand?post=3206"},{"taxonomy":"product_cat","embeddable":true,"href":"https:\/\/www.mr-vin.com\/en\/wp-json\/wp\/v2\/product_cat?post=3206"},{"taxonomy":"product_tag","embeddable":true,"href":"https:\/\/www.mr-vin.com\/en\/wp-json\/wp\/v2\/product_tag?post=3206"}],"curies":[{"name":"wp","href":"https:\/\/api.w.org\/{rel}","templated":true}]}}