{"id":3203,"date":"2020-08-10T18:39:31","date_gmt":"2020-08-10T16:39:31","guid":{"rendered":"https:\/\/www.mr-vin.com\/producto\/import-placeholder-for-617\/"},"modified":"2024-12-20T12:57:25","modified_gmt":"2024-12-20T10:57:25","slug":"la-ola","status":"publish","type":"product","link":"https:\/\/www.mr-vin.com\/en\/product\/la-ola\/","title":{"rendered":"La Ola albari\u00f1o"},"content":{"rendered":"<p>El\u00a0<strong>vino La Ola<\/strong>\u00a0es la \u00faltima y m\u00e1s esperada incorporaci\u00f3n del afamado y prestigioso en\u00f3logo y bodeguero Eladio Pi\u00f1eiro. Tras triunfar con\u00a0sus populares Frore de Carme, Envidia Cochina o Amodi\u00f1o Albari\u00f1o, Pi\u00f1eiro llega ahora revolucionando de nuevo el sector vin\u00edcola con un\u00a0vino que, de nuevo, vuelve a acaparar todo el car\u00e1cter propio de un <strong>monovarietal de albari\u00f1o<\/strong> bajo el sello de calidad de la Denominaci\u00f3n de Origen R\u00edas Baixas.<\/p>\n<p>&nbsp;<\/p>\n<p><em>El\u00a0<strong>vino La Ola<\/strong>\u00a0es un blanco ideal para combinar con una gran variedad de platos y situaciones, pero es especialmente id\u00f3neo para elegirlo cuando vamos a sentarnos frente a una tabla de <strong>sushi<\/strong>. En este plato de cocina asi\u00e1tica predomina el arroz, al que se suman ingredientes como at\u00fan, salm\u00f3n, aguacate o pepino, entre otros.<\/em><\/p>\n","protected":false},"excerpt":{"rendered":"<p>El\u00a0vino La Ola\u00a0es la \u00faltima y m\u00e1s esperada incorporaci\u00f3n del afamado y prestigioso en\u00f3logo y bodeguero Eladio Pi\u00f1eiro. Tras triunfar\u2026<\/p>\n","protected":false},"featured_media":1550,"template":"","meta":{"inline_featured_image":false,"_monsterinsights_skip_tracking":false,"_monsterinsights_sitenote_active":false,"_monsterinsights_sitenote_note":"","_monsterinsights_sitenote_category":0},"product_brand":[],"product_cat":[79],"product_tag":[445],"class_list":{"0":"post-3203","1":"product","2":"type-product","3":"status-publish","4":"has-post-thumbnail","6":"product_cat-vinos-blancos","7":"product_tag-vinos-para-una-cena-especial-con-amigos","8":"pa_bodega-eladio-pineiro","9":"pa_zona-vinicola-d-o-rias-baixas","11":"first","12":"instock","13":"taxable","14":"shipping-taxable","15":"purchasable","16":"product-type-simple"},"_links":{"self":[{"href":"https:\/\/www.mr-vin.com\/en\/wp-json\/wp\/v2\/product\/3203","targetHints":{"allow":["GET"]}}],"collection":[{"href":"https:\/\/www.mr-vin.com\/en\/wp-json\/wp\/v2\/product"}],"about":[{"href":"https:\/\/www.mr-vin.com\/en\/wp-json\/wp\/v2\/types\/product"}],"wp:featuredmedia":[{"embeddable":true,"href":"https:\/\/www.mr-vin.com\/en\/wp-json\/wp\/v2\/media\/1550"}],"wp:attachment":[{"href":"https:\/\/www.mr-vin.com\/en\/wp-json\/wp\/v2\/media?parent=3203"}],"wp:term":[{"taxonomy":"product_brand","embeddable":true,"href":"https:\/\/www.mr-vin.com\/en\/wp-json\/wp\/v2\/product_brand?post=3203"},{"taxonomy":"product_cat","embeddable":true,"href":"https:\/\/www.mr-vin.com\/en\/wp-json\/wp\/v2\/product_cat?post=3203"},{"taxonomy":"product_tag","embeddable":true,"href":"https:\/\/www.mr-vin.com\/en\/wp-json\/wp\/v2\/product_tag?post=3203"}],"curies":[{"name":"wp","href":"https:\/\/api.w.org\/{rel}","templated":true}]}}