{"id":3194,"date":"2020-08-10T18:39:30","date_gmt":"2020-08-10T16:39:30","guid":{"rendered":"https:\/\/www.mr-vin.com\/producto\/import-placeholder-for-608\/"},"modified":"2024-05-30T12:56:26","modified_gmt":"2024-05-30T10:56:26","slug":"cambio-de-tercio","status":"publish","type":"product","link":"https:\/\/www.mr-vin.com\/en\/product\/cambio-de-tercio\/","title":{"rendered":"Cambio de Tercio"},"content":{"rendered":"<p>Cambio de Tercio 2019 es un vino de Bruno Murciano con 9 meses de crianza en barricas tipo Borgo\u00f1a de 500 litros. Es un monovarietal de Bobal en la D.O. Utiel-Requena del que s\u00f3lo se han embotellado 3.000 botellas. Las uvas proceden de cepas viejas de su parcela Las Bru\u00f1as en el municipio de la Comunidad Valenciana de Caudete de las Fuentes.<\/p>\n<p><strong>Maridaje:<\/strong> se puede tomar con todo tipo de platos de pasta y arroz, as\u00ed como con carnes blancas y rojas.<\/p>\n","protected":false},"excerpt":{"rendered":"<p>Cambio de Tercio 2019 es un vino de Bruno Murciano con 9 meses de crianza en barricas tipo Borgo\u00f1a de\u2026<\/p>\n","protected":false},"featured_media":3702,"template":"","meta":{"inline_featured_image":false,"_monsterinsights_skip_tracking":false,"_monsterinsights_sitenote_active":false,"_monsterinsights_sitenote_note":"","_monsterinsights_sitenote_category":0},"product_brand":[],"product_cat":[806,77],"product_tag":[448,810],"class_list":{"0":"post-3194","1":"product","2":"type-product","3":"status-publish","4":"has-post-thumbnail","6":"product_cat-vinos-revelacion","7":"product_cat-vinos-tintos","8":"product_tag-vinos-para-dar-una-vuelta-por-espana","9":"product_tag-wineweek2021","10":"pa_bodega-bruno-murciano","11":"pa_zona-vinicola-d-o-utiel-requena","13":"first","14":"instock","15":"taxable","16":"shipping-taxable","17":"purchasable","18":"product-type-simple"},"_links":{"self":[{"href":"https:\/\/www.mr-vin.com\/en\/wp-json\/wp\/v2\/product\/3194","targetHints":{"allow":["GET"]}}],"collection":[{"href":"https:\/\/www.mr-vin.com\/en\/wp-json\/wp\/v2\/product"}],"about":[{"href":"https:\/\/www.mr-vin.com\/en\/wp-json\/wp\/v2\/types\/product"}],"wp:featuredmedia":[{"embeddable":true,"href":"https:\/\/www.mr-vin.com\/en\/wp-json\/wp\/v2\/media\/3702"}],"wp:attachment":[{"href":"https:\/\/www.mr-vin.com\/en\/wp-json\/wp\/v2\/media?parent=3194"}],"wp:term":[{"taxonomy":"product_brand","embeddable":true,"href":"https:\/\/www.mr-vin.com\/en\/wp-json\/wp\/v2\/product_brand?post=3194"},{"taxonomy":"product_cat","embeddable":true,"href":"https:\/\/www.mr-vin.com\/en\/wp-json\/wp\/v2\/product_cat?post=3194"},{"taxonomy":"product_tag","embeddable":true,"href":"https:\/\/www.mr-vin.com\/en\/wp-json\/wp\/v2\/product_tag?post=3194"}],"curies":[{"name":"wp","href":"https:\/\/api.w.org\/{rel}","templated":true}]}}