{"id":3168,"date":"2020-08-10T18:39:20","date_gmt":"2020-08-10T18:39:20","guid":{"rendered":"https:\/\/www.mr-vin.com\/producto\/import-placeholder-for-582\/"},"modified":"2024-05-30T12:56:24","modified_gmt":"2024-05-30T10:56:24","slug":"quinon-de-valmira","status":"publish","type":"product","link":"https:\/\/www.mr-vin.com\/en\/product\/quinon-de-valmira\/","title":{"rendered":"Qui\u00f1\u00f3n de Valmira"},"content":{"rendered":"<p>100% garnacha. 16 meses en barrica de roble franc\u00e9s. S\u00f3lo 1.000 botellas.<\/p>\n","protected":false},"excerpt":{"rendered":"<p>100% garnacha. 16 meses en barrica de roble franc\u00e9s. S\u00f3lo 1.000 botellas.<\/p>\n","protected":false},"featured_media":2417,"template":"","meta":{"inline_featured_image":false,"_monsterinsights_skip_tracking":false,"_monsterinsights_sitenote_active":false,"_monsterinsights_sitenote_note":"","_monsterinsights_sitenote_category":0},"product_brand":[],"product_cat":[77],"product_tag":[],"class_list":{"0":"post-3168","1":"product","2":"type-product","3":"status-publish","4":"has-post-thumbnail","6":"product_cat-vinos-tintos","7":"pa_bodega-palacios-remondo","8":"pa_estilo-intensidad-media","9":"pa_estilo-tinto-maduro","10":"pa_zona-vinicola-d-o-c-rioja","12":"first","13":"instock","14":"taxable","15":"shipping-taxable","16":"purchasable","17":"product-type-simple"},"_links":{"self":[{"href":"https:\/\/www.mr-vin.com\/en\/wp-json\/wp\/v2\/product\/3168","targetHints":{"allow":["GET"]}}],"collection":[{"href":"https:\/\/www.mr-vin.com\/en\/wp-json\/wp\/v2\/product"}],"about":[{"href":"https:\/\/www.mr-vin.com\/en\/wp-json\/wp\/v2\/types\/product"}],"wp:featuredmedia":[{"embeddable":true,"href":"https:\/\/www.mr-vin.com\/en\/wp-json\/wp\/v2\/media\/2417"}],"wp:attachment":[{"href":"https:\/\/www.mr-vin.com\/en\/wp-json\/wp\/v2\/media?parent=3168"}],"wp:term":[{"taxonomy":"product_brand","embeddable":true,"href":"https:\/\/www.mr-vin.com\/en\/wp-json\/wp\/v2\/product_brand?post=3168"},{"taxonomy":"product_cat","embeddable":true,"href":"https:\/\/www.mr-vin.com\/en\/wp-json\/wp\/v2\/product_cat?post=3168"},{"taxonomy":"product_tag","embeddable":true,"href":"https:\/\/www.mr-vin.com\/en\/wp-json\/wp\/v2\/product_tag?post=3168"}],"curies":[{"name":"wp","href":"https:\/\/api.w.org\/{rel}","templated":true}]}}