{"id":3167,"date":"2020-08-10T18:39:20","date_gmt":"2020-08-10T18:39:20","guid":{"rendered":"https:\/\/www.mr-vin.com\/producto\/import-placeholder-for-581\/"},"modified":"2025-03-31T12:02:57","modified_gmt":"2025-03-31T10:02:57","slug":"les-aubaguetes","status":"publish","type":"product","link":"https:\/\/www.mr-vin.com\/en\/product\/les-aubaguetes\/","title":{"rendered":"Les Aubaguetes"},"content":{"rendered":"<p><strong>Variedad:<\/strong> Garnacha, cari\u00f1ena, garnacha blanca, macabeo.<\/p>\n<p>Les Aubaguetes es uno de los vinos de paraje de \u00c1lvaro Palacios, y quiz\u00e1s <strong>el priorat m\u00e1s tradicional\u00a0<\/strong>de todos los que elabora. Un vino muy especial que combina\u00a0<strong>el car\u00e1cter mediterr\u00e1neo<\/strong>\u00a0de Bellmunt con<strong>\u00a0el frescor de un vi\u00f1edo sombreado<\/strong>. Otro vino de alta gama, elaborado principalmente con garnacha y cari\u00f1ena, con unos aromas florales muy seductores y una fruta intensa, pura.<\/p>\n<p><em><strong>Maridaje:<\/strong> Carnes rojas a la brasa y carnes asadas.<\/em><\/p>\n","protected":false},"excerpt":{"rendered":"<p>Variedad: Garnacha, cari\u00f1ena, garnacha blanca, macabeo. Les Aubaguetes es uno de los vinos de paraje de \u00c1lvaro Palacios, y quiz\u00e1s\u2026<\/p>\n","protected":false},"featured_media":9609,"template":"","meta":{"inline_featured_image":false,"_monsterinsights_skip_tracking":false,"_monsterinsights_sitenote_active":false,"_monsterinsights_sitenote_note":"","_monsterinsights_sitenote_category":0},"product_brand":[],"product_cat":[792,77],"product_tag":[],"class_list":{"0":"post-3167","1":"product","2":"type-product","3":"status-publish","4":"has-post-thumbnail","6":"product_cat-novedades","7":"product_cat-vinos-tintos","8":"pa_bodega-alvaro-palacios","9":"pa_estilo-buena-estructura","10":"pa_estilo-tinto-con-cuerpo","11":"pa_zona-vinicola-d-o-c-priorat","13":"first","14":"instock","15":"taxable","16":"shipping-taxable","17":"purchasable","18":"product-type-simple"},"_links":{"self":[{"href":"https:\/\/www.mr-vin.com\/en\/wp-json\/wp\/v2\/product\/3167","targetHints":{"allow":["GET"]}}],"collection":[{"href":"https:\/\/www.mr-vin.com\/en\/wp-json\/wp\/v2\/product"}],"about":[{"href":"https:\/\/www.mr-vin.com\/en\/wp-json\/wp\/v2\/types\/product"}],"wp:featuredmedia":[{"embeddable":true,"href":"https:\/\/www.mr-vin.com\/en\/wp-json\/wp\/v2\/media\/9609"}],"wp:attachment":[{"href":"https:\/\/www.mr-vin.com\/en\/wp-json\/wp\/v2\/media?parent=3167"}],"wp:term":[{"taxonomy":"product_brand","embeddable":true,"href":"https:\/\/www.mr-vin.com\/en\/wp-json\/wp\/v2\/product_brand?post=3167"},{"taxonomy":"product_cat","embeddable":true,"href":"https:\/\/www.mr-vin.com\/en\/wp-json\/wp\/v2\/product_cat?post=3167"},{"taxonomy":"product_tag","embeddable":true,"href":"https:\/\/www.mr-vin.com\/en\/wp-json\/wp\/v2\/product_tag?post=3167"}],"curies":[{"name":"wp","href":"https:\/\/api.w.org\/{rel}","templated":true}]}}