{"id":3160,"date":"2020-08-10T18:39:20","date_gmt":"2020-08-10T18:39:20","guid":{"rendered":"https:\/\/www.mr-vin.com\/producto\/import-placeholder-for-574\/"},"modified":"2024-05-30T12:56:23","modified_gmt":"2024-05-30T10:56:23","slug":"chateau-tertre-roteboeuf","status":"publish","type":"product","link":"https:\/\/www.mr-vin.com\/en\/product\/chateau-tertre-roteboeuf\/","title":{"rendered":"Ch\u00e2teau Tertre Roteboeuf"},"content":{"rendered":"<p>85% merlot y 15% cabernet franc. Fermentaci\u00f3n en dep\u00f3sitos de cemento y crianza de 18 meses en barricas de roble nuevas.<\/p>\n","protected":false},"excerpt":{"rendered":"<p>85% merlot y 15% cabernet franc. Fermentaci\u00f3n en dep\u00f3sitos de cemento y crianza de 18 meses en barricas de roble\u2026<\/p>\n","protected":false},"featured_media":2404,"template":"","meta":{"inline_featured_image":false,"_monsterinsights_skip_tracking":false,"_monsterinsights_sitenote_active":false,"_monsterinsights_sitenote_note":"","_monsterinsights_sitenote_category":0},"product_brand":[],"product_cat":[77],"product_tag":[],"class_list":{"0":"post-3160","1":"product","2":"type-product","3":"status-publish","4":"has-post-thumbnail","6":"product_cat-vinos-tintos","7":"pa_estilo-buena-estructura","8":"pa_estilo-tinto-con-cuerpo","9":"pa_zona-vinicola-burdeos","11":"first","12":"instock","13":"taxable","14":"shipping-taxable","15":"purchasable","16":"product-type-simple"},"_links":{"self":[{"href":"https:\/\/www.mr-vin.com\/en\/wp-json\/wp\/v2\/product\/3160","targetHints":{"allow":["GET"]}}],"collection":[{"href":"https:\/\/www.mr-vin.com\/en\/wp-json\/wp\/v2\/product"}],"about":[{"href":"https:\/\/www.mr-vin.com\/en\/wp-json\/wp\/v2\/types\/product"}],"wp:featuredmedia":[{"embeddable":true,"href":"https:\/\/www.mr-vin.com\/en\/wp-json\/wp\/v2\/media\/2404"}],"wp:attachment":[{"href":"https:\/\/www.mr-vin.com\/en\/wp-json\/wp\/v2\/media?parent=3160"}],"wp:term":[{"taxonomy":"product_brand","embeddable":true,"href":"https:\/\/www.mr-vin.com\/en\/wp-json\/wp\/v2\/product_brand?post=3160"},{"taxonomy":"product_cat","embeddable":true,"href":"https:\/\/www.mr-vin.com\/en\/wp-json\/wp\/v2\/product_cat?post=3160"},{"taxonomy":"product_tag","embeddable":true,"href":"https:\/\/www.mr-vin.com\/en\/wp-json\/wp\/v2\/product_tag?post=3160"}],"curies":[{"name":"wp","href":"https:\/\/api.w.org\/{rel}","templated":true}]}}