{"id":3149,"date":"2020-08-10T18:39:10","date_gmt":"2020-08-10T18:39:10","guid":{"rendered":"https:\/\/www.mr-vin.com\/producto\/import-placeholder-for-563\/"},"modified":"2024-05-30T12:56:22","modified_gmt":"2024-05-30T10:56:22","slug":"flor-de-pingus","status":"publish","type":"product","link":"https:\/\/www.mr-vin.com\/en\/product\/flor-de-pingus\/","title":{"rendered":"Flor de Pingus"},"content":{"rendered":"<p>100% tinto fino, vi\u00f1edos de 25-50 a\u00f1os. 18 meses en barricas de roble franc\u00e9s. Producci\u00f3n: 85.000 botellas.<\/p>\n","protected":false},"excerpt":{"rendered":"<p>100% tinto fino, vi\u00f1edos de 25-50 a\u00f1os. 18 meses en barricas de roble franc\u00e9s. Producci\u00f3n: 85.000 botellas.<\/p>\n","protected":false},"featured_media":2366,"template":"","meta":{"inline_featured_image":false,"_monsterinsights_skip_tracking":false,"_monsterinsights_sitenote_active":false,"_monsterinsights_sitenote_note":"","_monsterinsights_sitenote_category":0},"product_brand":[],"product_cat":[77],"product_tag":[],"class_list":{"0":"post-3149","1":"product","2":"type-product","3":"status-publish","4":"has-post-thumbnail","6":"product_cat-vinos-tintos","7":"pa_bodega-dominio-de-pingus","8":"pa_estilo-intensidad-alta","9":"pa_estilo-tinto-con-cuerpo","10":"pa_zona-vinicola-d-o-ribera-del-duero","12":"first","13":"instock","14":"taxable","15":"shipping-taxable","16":"purchasable","17":"product-type-simple"},"_links":{"self":[{"href":"https:\/\/www.mr-vin.com\/en\/wp-json\/wp\/v2\/product\/3149","targetHints":{"allow":["GET"]}}],"collection":[{"href":"https:\/\/www.mr-vin.com\/en\/wp-json\/wp\/v2\/product"}],"about":[{"href":"https:\/\/www.mr-vin.com\/en\/wp-json\/wp\/v2\/types\/product"}],"wp:featuredmedia":[{"embeddable":true,"href":"https:\/\/www.mr-vin.com\/en\/wp-json\/wp\/v2\/media\/2366"}],"wp:attachment":[{"href":"https:\/\/www.mr-vin.com\/en\/wp-json\/wp\/v2\/media?parent=3149"}],"wp:term":[{"taxonomy":"product_brand","embeddable":true,"href":"https:\/\/www.mr-vin.com\/en\/wp-json\/wp\/v2\/product_brand?post=3149"},{"taxonomy":"product_cat","embeddable":true,"href":"https:\/\/www.mr-vin.com\/en\/wp-json\/wp\/v2\/product_cat?post=3149"},{"taxonomy":"product_tag","embeddable":true,"href":"https:\/\/www.mr-vin.com\/en\/wp-json\/wp\/v2\/product_tag?post=3149"}],"curies":[{"name":"wp","href":"https:\/\/api.w.org\/{rel}","templated":true}]}}