{"id":3127,"date":"2020-08-10T18:39:00","date_gmt":"2020-08-10T18:39:00","guid":{"rendered":"https:\/\/www.mr-vin.com\/producto\/import-placeholder-for-536\/"},"modified":"2024-06-16T22:01:50","modified_gmt":"2024-06-16T20:01:50","slug":"la-mujer-canon","status":"publish","type":"product","link":"https:\/\/www.mr-vin.com\/en\/product\/la-mujer-canon\/","title":{"rendered":"La Mujer Ca\u00f1\u00f3n"},"content":{"rendered":"<p>Garnacha con crianza en fudres de 1500 litros y barrica de roble franc\u00e9s de 600 litros durante 12 meses.<\/p>\n","protected":false},"excerpt":{"rendered":"<p>Garnacha con crianza en fudres de 1500 litros y barrica de roble franc\u00e9s de 600 litros durante 12 meses.<\/p>\n","protected":false},"featured_media":2293,"template":"","meta":{"inline_featured_image":false,"_monsterinsights_skip_tracking":false,"_monsterinsights_sitenote_active":false,"_monsterinsights_sitenote_note":"","_monsterinsights_sitenote_category":0},"product_brand":[],"product_cat":[77],"product_tag":[],"class_list":{"0":"post-3127","1":"product","2":"type-product","3":"status-publish","4":"has-post-thumbnail","6":"product_cat-vinos-tintos","7":"pa_bodega-comando-g","8":"pa_estilo-intensidad-media","9":"pa_estilo-tinto-suave-fresco","10":"pa_zona-vinicola-d-o-vinos-de-madrid","12":"first","13":"instock","14":"taxable","15":"shipping-taxable","16":"purchasable","17":"product-type-simple"},"_links":{"self":[{"href":"https:\/\/www.mr-vin.com\/en\/wp-json\/wp\/v2\/product\/3127","targetHints":{"allow":["GET"]}}],"collection":[{"href":"https:\/\/www.mr-vin.com\/en\/wp-json\/wp\/v2\/product"}],"about":[{"href":"https:\/\/www.mr-vin.com\/en\/wp-json\/wp\/v2\/types\/product"}],"wp:featuredmedia":[{"embeddable":true,"href":"https:\/\/www.mr-vin.com\/en\/wp-json\/wp\/v2\/media\/2293"}],"wp:attachment":[{"href":"https:\/\/www.mr-vin.com\/en\/wp-json\/wp\/v2\/media?parent=3127"}],"wp:term":[{"taxonomy":"product_brand","embeddable":true,"href":"https:\/\/www.mr-vin.com\/en\/wp-json\/wp\/v2\/product_brand?post=3127"},{"taxonomy":"product_cat","embeddable":true,"href":"https:\/\/www.mr-vin.com\/en\/wp-json\/wp\/v2\/product_cat?post=3127"},{"taxonomy":"product_tag","embeddable":true,"href":"https:\/\/www.mr-vin.com\/en\/wp-json\/wp\/v2\/product_tag?post=3127"}],"curies":[{"name":"wp","href":"https:\/\/api.w.org\/{rel}","templated":true}]}}