{"id":3108,"date":"2020-08-10T18:38:58","date_gmt":"2020-08-10T18:38:58","guid":{"rendered":"https:\/\/www.mr-vin.com\/producto\/import-placeholder-for-511\/"},"modified":"2024-05-30T12:56:18","modified_gmt":"2024-05-30T10:56:18","slug":"delamotte-rose","status":"publish","type":"product","link":"https:\/\/www.mr-vin.com\/en\/product\/delamotte-rose\/","title":{"rendered":"Delamotte Ros\u00e9"},"content":{"rendered":"<p>80% pinot noir y 20% chardonnay. De 3 a 4 a\u00f1os de crianza sobre l\u00edas.<\/p>\n","protected":false},"excerpt":{"rendered":"<p>80% pinot noir y 20% chardonnay. De 3 a 4 a\u00f1os de crianza sobre l\u00edas.<\/p>\n","protected":false},"featured_media":2220,"template":"","meta":{"inline_featured_image":false,"_monsterinsights_skip_tracking":false,"_monsterinsights_sitenote_active":false,"_monsterinsights_sitenote_note":"","_monsterinsights_sitenote_category":0},"product_brand":[],"product_cat":[277],"product_tag":[],"class_list":{"0":"post-3108","1":"product","2":"type-product","3":"status-publish","4":"has-post-thumbnail","6":"product_cat-espumosos","7":"pa_bodega-delamotte","8":"pa_estilo-espumoso-fresco","9":"pa_zona-vinicola-champagne","11":"first","12":"instock","13":"taxable","14":"shipping-taxable","15":"purchasable","16":"product-type-simple"},"_links":{"self":[{"href":"https:\/\/www.mr-vin.com\/en\/wp-json\/wp\/v2\/product\/3108","targetHints":{"allow":["GET"]}}],"collection":[{"href":"https:\/\/www.mr-vin.com\/en\/wp-json\/wp\/v2\/product"}],"about":[{"href":"https:\/\/www.mr-vin.com\/en\/wp-json\/wp\/v2\/types\/product"}],"wp:featuredmedia":[{"embeddable":true,"href":"https:\/\/www.mr-vin.com\/en\/wp-json\/wp\/v2\/media\/2220"}],"wp:attachment":[{"href":"https:\/\/www.mr-vin.com\/en\/wp-json\/wp\/v2\/media?parent=3108"}],"wp:term":[{"taxonomy":"product_brand","embeddable":true,"href":"https:\/\/www.mr-vin.com\/en\/wp-json\/wp\/v2\/product_brand?post=3108"},{"taxonomy":"product_cat","embeddable":true,"href":"https:\/\/www.mr-vin.com\/en\/wp-json\/wp\/v2\/product_cat?post=3108"},{"taxonomy":"product_tag","embeddable":true,"href":"https:\/\/www.mr-vin.com\/en\/wp-json\/wp\/v2\/product_tag?post=3108"}],"curies":[{"name":"wp","href":"https:\/\/api.w.org\/{rel}","templated":true}]}}