{"id":3107,"date":"2020-08-10T18:38:52","date_gmt":"2020-08-10T18:38:52","guid":{"rendered":"https:\/\/www.mr-vin.com\/producto\/import-placeholder-for-510\/"},"modified":"2024-05-30T12:56:18","modified_gmt":"2024-05-30T10:56:18","slug":"gramona-celler-batlle","status":"publish","type":"product","link":"https:\/\/www.mr-vin.com\/en\/product\/gramona-celler-batlle\/","title":{"rendered":"Gramona Celler Batlle"},"content":{"rendered":"<p>100% xarel\u00b7lo de Pago La Plana. Crianza con tap\u00f3n de corcho y con sus l\u00edas m\u00e1s de 8 a\u00f1os.<\/p>\n","protected":false},"excerpt":{"rendered":"<p>100% xarel\u00b7lo de Pago La Plana. Crianza con tap\u00f3n de corcho y con sus l\u00edas m\u00e1s de 8 a\u00f1os.<\/p>\n","protected":false},"featured_media":2203,"template":"","meta":{"inline_featured_image":false,"_monsterinsights_skip_tracking":false,"_monsterinsights_sitenote_active":false,"_monsterinsights_sitenote_note":"","_monsterinsights_sitenote_category":0},"product_brand":[],"product_cat":[277,78],"product_tag":[],"class_list":{"0":"post-3107","1":"product","2":"type-product","3":"status-publish","4":"has-post-thumbnail","6":"product_cat-espumosos","7":"product_cat-vinos-ecologicos","8":"pa_bodega-gramona","9":"pa_estilo-espumoso-maduro","10":"pa_zona-vinicola-corpinnat","12":"first","13":"instock","14":"taxable","15":"shipping-taxable","16":"purchasable","17":"product-type-simple"},"_links":{"self":[{"href":"https:\/\/www.mr-vin.com\/en\/wp-json\/wp\/v2\/product\/3107","targetHints":{"allow":["GET"]}}],"collection":[{"href":"https:\/\/www.mr-vin.com\/en\/wp-json\/wp\/v2\/product"}],"about":[{"href":"https:\/\/www.mr-vin.com\/en\/wp-json\/wp\/v2\/types\/product"}],"wp:featuredmedia":[{"embeddable":true,"href":"https:\/\/www.mr-vin.com\/en\/wp-json\/wp\/v2\/media\/2203"}],"wp:attachment":[{"href":"https:\/\/www.mr-vin.com\/en\/wp-json\/wp\/v2\/media?parent=3107"}],"wp:term":[{"taxonomy":"product_brand","embeddable":true,"href":"https:\/\/www.mr-vin.com\/en\/wp-json\/wp\/v2\/product_brand?post=3107"},{"taxonomy":"product_cat","embeddable":true,"href":"https:\/\/www.mr-vin.com\/en\/wp-json\/wp\/v2\/product_cat?post=3107"},{"taxonomy":"product_tag","embeddable":true,"href":"https:\/\/www.mr-vin.com\/en\/wp-json\/wp\/v2\/product_tag?post=3107"}],"curies":[{"name":"wp","href":"https:\/\/api.w.org\/{rel}","templated":true}]}}