{"id":304,"date":"2020-07-21T11:22:12","date_gmt":"2020-07-21T09:22:12","guid":{"rendered":"https:\/\/www.mr-vin.com\/producto\/import-placeholder-for-2649\/"},"modified":"2025-06-21T09:42:39","modified_gmt":"2025-06-21T07:42:39","slug":"cuatro-rayas-verdejo","status":"publish","type":"product","link":"https:\/\/www.mr-vin.com\/en\/product\/cuatro-rayas-verdejo\/","title":{"rendered":"Cuatro Rayas Verdejo"},"content":{"rendered":"<p>100% Verdejo. Vino joven.<\/p>\n<p>Para elaborar este vino se llev\u00f3 a cabo una selecci\u00f3n especial y personal de uvas provenientes de vi\u00f1as tambi\u00e9n de unas cuatro d\u00e9cadas de edad que brindaron<strong>\u00a0un verdejo puro,\u00a0fresco y potente<\/strong>. Uno de los buques insignia de Cuatro Rayas, apto para veganos.<\/p>\n<p><em><strong>Maridaje:<\/strong> Arroces, pasta, pescados y carnes blancas.<\/em><\/p>\n","protected":false},"excerpt":{"rendered":"<p>100% Verdejo. Vino joven. Para elaborar este vino se llev\u00f3 a cabo una selecci\u00f3n especial y personal de uvas provenientes\u2026<\/p>\n","protected":false},"featured_media":9125,"template":"","meta":{"inline_featured_image":false,"_monsterinsights_skip_tracking":false,"_monsterinsights_sitenote_active":false,"_monsterinsights_sitenote_note":"","_monsterinsights_sitenote_category":0},"product_brand":[],"product_cat":[792,79],"product_tag":[],"class_list":{"0":"post-304","1":"product","2":"type-product","3":"status-publish","4":"has-post-thumbnail","6":"product_cat-novedades","7":"product_cat-vinos-blancos","8":"pa_bodega-cuatro-rayas","9":"pa_estilo-blanco-joven-fresco-y-afrutado","10":"pa_zona-vinicola-d-o-rueda","12":"first","13":"instock","14":"taxable","15":"shipping-taxable","16":"purchasable","17":"product-type-simple"},"_links":{"self":[{"href":"https:\/\/www.mr-vin.com\/en\/wp-json\/wp\/v2\/product\/304","targetHints":{"allow":["GET"]}}],"collection":[{"href":"https:\/\/www.mr-vin.com\/en\/wp-json\/wp\/v2\/product"}],"about":[{"href":"https:\/\/www.mr-vin.com\/en\/wp-json\/wp\/v2\/types\/product"}],"wp:featuredmedia":[{"embeddable":true,"href":"https:\/\/www.mr-vin.com\/en\/wp-json\/wp\/v2\/media\/9125"}],"wp:attachment":[{"href":"https:\/\/www.mr-vin.com\/en\/wp-json\/wp\/v2\/media?parent=304"}],"wp:term":[{"taxonomy":"product_brand","embeddable":true,"href":"https:\/\/www.mr-vin.com\/en\/wp-json\/wp\/v2\/product_brand?post=304"},{"taxonomy":"product_cat","embeddable":true,"href":"https:\/\/www.mr-vin.com\/en\/wp-json\/wp\/v2\/product_cat?post=304"},{"taxonomy":"product_tag","embeddable":true,"href":"https:\/\/www.mr-vin.com\/en\/wp-json\/wp\/v2\/product_tag?post=304"}],"curies":[{"name":"wp","href":"https:\/\/api.w.org\/{rel}","templated":true}]}}