{"id":3034,"date":"2020-08-10T18:38:31","date_gmt":"2020-08-10T16:38:31","guid":{"rendered":"https:\/\/www.mr-vin.com\/producto\/import-placeholder-for-427\/"},"modified":"2024-05-30T12:56:12","modified_gmt":"2024-05-30T10:56:12","slug":"la-comtesse-gran-vino-de-guarda","status":"publish","type":"product","link":"https:\/\/www.mr-vin.com\/en\/product\/la-comtesse-gran-vino-de-guarda\/","title":{"rendered":"La Comtesse gran vino de guarda"},"content":{"rendered":"<p>100% albari\u00f1o. Fermentaci\u00f3n durante 60 d\u00edas en tinos de 3000L de roble franc\u00e9s Allier. Crianza de 18 meses en los tinos, 6 de los cuales sobre sus l\u00edas.<\/p>\n<p><strong>Marida<\/strong> con cigalas y centollo relleno, carnes blancas, aves rellenas, sushi, quesos de vaca y oveja acompa\u00f1ados por fruta confitada y foie, entre otros.<\/p>\n","protected":false},"excerpt":{"rendered":"<p>100% albari\u00f1o. Fermentaci\u00f3n durante 60 d\u00edas en tinos de 3000L de roble franc\u00e9s Allier. Crianza de 18 meses en los\u2026<\/p>\n","protected":false},"featured_media":6536,"template":"","meta":{"inline_featured_image":false,"_monsterinsights_skip_tracking":false,"_monsterinsights_sitenote_active":false,"_monsterinsights_sitenote_note":"","_monsterinsights_sitenote_category":0},"product_brand":[],"product_cat":[792,79],"product_tag":[],"class_list":{"0":"post-3034","1":"product","2":"type-product","3":"status-publish","4":"has-post-thumbnail","6":"product_cat-novedades","7":"product_cat-vinos-blancos","8":"pa_bodega-pazo-de-barrantes","9":"pa_estilo-blanco-maduro-con-estructura","10":"pa_zona-vinicola-d-o-rias-baixas","12":"first","13":"instock","14":"taxable","15":"shipping-taxable","16":"purchasable","17":"product-type-simple"},"_links":{"self":[{"href":"https:\/\/www.mr-vin.com\/en\/wp-json\/wp\/v2\/product\/3034","targetHints":{"allow":["GET"]}}],"collection":[{"href":"https:\/\/www.mr-vin.com\/en\/wp-json\/wp\/v2\/product"}],"about":[{"href":"https:\/\/www.mr-vin.com\/en\/wp-json\/wp\/v2\/types\/product"}],"wp:featuredmedia":[{"embeddable":true,"href":"https:\/\/www.mr-vin.com\/en\/wp-json\/wp\/v2\/media\/6536"}],"wp:attachment":[{"href":"https:\/\/www.mr-vin.com\/en\/wp-json\/wp\/v2\/media?parent=3034"}],"wp:term":[{"taxonomy":"product_brand","embeddable":true,"href":"https:\/\/www.mr-vin.com\/en\/wp-json\/wp\/v2\/product_brand?post=3034"},{"taxonomy":"product_cat","embeddable":true,"href":"https:\/\/www.mr-vin.com\/en\/wp-json\/wp\/v2\/product_cat?post=3034"},{"taxonomy":"product_tag","embeddable":true,"href":"https:\/\/www.mr-vin.com\/en\/wp-json\/wp\/v2\/product_tag?post=3034"}],"curies":[{"name":"wp","href":"https:\/\/api.w.org\/{rel}","templated":true}]}}