{"id":3029,"date":"2020-08-10T18:38:22","date_gmt":"2020-08-10T16:38:22","guid":{"rendered":"https:\/\/www.mr-vin.com\/producto\/import-placeholder-for-414\/"},"modified":"2024-05-30T12:56:12","modified_gmt":"2024-05-30T10:56:12","slug":"chateau-la-croix-chantecaille-grand-cru","status":"publish","type":"product","link":"https:\/\/www.mr-vin.com\/en\/product\/chateau-la-croix-chantecaille-grand-cru\/","title":{"rendered":"Ch\u00e2teau La Croix Chantecaille Grand Cru"},"content":{"rendered":"<p>89% merlot y 20% cabernet franc. Fermentaci\u00f3n en dep\u00f3sitos de cemento y crianza de 12 meses en barricas de roble (35% nuevas).<\/p>\n","protected":false},"excerpt":{"rendered":"<p>89% merlot y 20% cabernet franc. Fermentaci\u00f3n en dep\u00f3sitos de cemento y crianza de 12 meses en barricas de roble\u2026<\/p>\n","protected":false},"featured_media":1904,"template":"","meta":{"inline_featured_image":false,"_monsterinsights_skip_tracking":false,"_monsterinsights_sitenote_active":false,"_monsterinsights_sitenote_note":"","_monsterinsights_sitenote_category":0},"product_brand":[],"product_cat":[77],"product_tag":[],"class_list":{"0":"post-3029","1":"product","2":"type-product","3":"status-publish","4":"has-post-thumbnail","6":"product_cat-vinos-tintos","7":"pa_estilo-buena-estructura","8":"pa_estilo-tinto-con-cuerpo","9":"pa_zona-vinicola-burdeos","11":"first","12":"outofstock","13":"taxable","14":"shipping-taxable","15":"purchasable","16":"product-type-simple"},"_links":{"self":[{"href":"https:\/\/www.mr-vin.com\/en\/wp-json\/wp\/v2\/product\/3029","targetHints":{"allow":["GET"]}}],"collection":[{"href":"https:\/\/www.mr-vin.com\/en\/wp-json\/wp\/v2\/product"}],"about":[{"href":"https:\/\/www.mr-vin.com\/en\/wp-json\/wp\/v2\/types\/product"}],"wp:featuredmedia":[{"embeddable":true,"href":"https:\/\/www.mr-vin.com\/en\/wp-json\/wp\/v2\/media\/1904"}],"wp:attachment":[{"href":"https:\/\/www.mr-vin.com\/en\/wp-json\/wp\/v2\/media?parent=3029"}],"wp:term":[{"taxonomy":"product_brand","embeddable":true,"href":"https:\/\/www.mr-vin.com\/en\/wp-json\/wp\/v2\/product_brand?post=3029"},{"taxonomy":"product_cat","embeddable":true,"href":"https:\/\/www.mr-vin.com\/en\/wp-json\/wp\/v2\/product_cat?post=3029"},{"taxonomy":"product_tag","embeddable":true,"href":"https:\/\/www.mr-vin.com\/en\/wp-json\/wp\/v2\/product_tag?post=3029"}],"curies":[{"name":"wp","href":"https:\/\/api.w.org\/{rel}","templated":true}]}}