{"id":3012,"date":"2020-08-10T18:38:21","date_gmt":"2020-08-10T18:38:21","guid":{"rendered":"https:\/\/www.mr-vin.com\/producto\/import-placeholder-for-396\/"},"modified":"2024-05-30T12:56:11","modified_gmt":"2024-05-30T10:56:11","slug":"terras-gauda-etiqueta-negra","status":"publish","type":"product","link":"https:\/\/www.mr-vin.com\/en\/product\/terras-gauda-etiqueta-negra\/","title":{"rendered":"Terras Gauda Etiqueta Negra"},"content":{"rendered":"<p>70% albari\u00f1o, 18% cai\u00f1o y 12% loureiro. 5 meses en roble franc\u00e9s sobre sus l\u00edas.<\/p>\n","protected":false},"excerpt":{"rendered":"<p>70% albari\u00f1o, 18% cai\u00f1o y 12% loureiro. 5 meses en roble franc\u00e9s sobre sus l\u00edas.<\/p>\n","protected":false},"featured_media":1849,"template":"","meta":{"inline_featured_image":false,"_monsterinsights_skip_tracking":false,"_monsterinsights_sitenote_active":false,"_monsterinsights_sitenote_note":"","_monsterinsights_sitenote_category":0},"product_brand":[],"product_cat":[79],"product_tag":[],"class_list":{"0":"post-3012","1":"product","2":"type-product","3":"status-publish","4":"has-post-thumbnail","6":"product_cat-vinos-blancos","7":"pa_bodega-terras-gauda","8":"pa_estilo-blanco-maduro-con-estructura","9":"pa_zona-vinicola-d-o-rias-baixas","11":"first","12":"instock","13":"taxable","14":"shipping-taxable","15":"purchasable","16":"product-type-simple"},"_links":{"self":[{"href":"https:\/\/www.mr-vin.com\/en\/wp-json\/wp\/v2\/product\/3012","targetHints":{"allow":["GET"]}}],"collection":[{"href":"https:\/\/www.mr-vin.com\/en\/wp-json\/wp\/v2\/product"}],"about":[{"href":"https:\/\/www.mr-vin.com\/en\/wp-json\/wp\/v2\/types\/product"}],"wp:featuredmedia":[{"embeddable":true,"href":"https:\/\/www.mr-vin.com\/en\/wp-json\/wp\/v2\/media\/1849"}],"wp:attachment":[{"href":"https:\/\/www.mr-vin.com\/en\/wp-json\/wp\/v2\/media?parent=3012"}],"wp:term":[{"taxonomy":"product_brand","embeddable":true,"href":"https:\/\/www.mr-vin.com\/en\/wp-json\/wp\/v2\/product_brand?post=3012"},{"taxonomy":"product_cat","embeddable":true,"href":"https:\/\/www.mr-vin.com\/en\/wp-json\/wp\/v2\/product_cat?post=3012"},{"taxonomy":"product_tag","embeddable":true,"href":"https:\/\/www.mr-vin.com\/en\/wp-json\/wp\/v2\/product_tag?post=3012"}],"curies":[{"name":"wp","href":"https:\/\/api.w.org\/{rel}","templated":true}]}}