{"id":3010,"date":"2020-08-10T18:38:21","date_gmt":"2020-08-10T16:38:21","guid":{"rendered":"https:\/\/www.mr-vin.com\/producto\/import-placeholder-for-394\/"},"modified":"2025-01-21T13:39:52","modified_gmt":"2025-01-21T11:39:52","slug":"san-roman","status":"publish","type":"product","link":"https:\/\/www.mr-vin.com\/en\/product\/san-roman\/","title":{"rendered":"San Rom\u00e1n"},"content":{"rendered":"<p>100% tinta de toro. 24 meses de crianza en barricas de roble franc\u00e9s y americano. Vi\u00f1edos de 15-50 a\u00f1os.<\/p>\n","protected":false},"excerpt":{"rendered":"<p>100% tinta de toro. 24 meses de crianza en barricas de roble franc\u00e9s y americano. Vi\u00f1edos de 15-50 a\u00f1os.<\/p>\n","protected":false},"featured_media":1845,"template":"","meta":{"inline_featured_image":false,"_monsterinsights_skip_tracking":false,"_monsterinsights_sitenote_active":false,"_monsterinsights_sitenote_note":"","_monsterinsights_sitenote_category":0},"product_brand":[],"product_cat":[77],"product_tag":[810],"class_list":{"0":"post-3010","1":"product","2":"type-product","3":"status-publish","4":"has-post-thumbnail","6":"product_cat-vinos-tintos","7":"product_tag-wineweek2021","8":"pa_bodega-vinedos-mauro-dos","9":"pa_estilo-intensidad-alta","10":"pa_estilo-tinto-con-cuerpo","11":"pa_zona-vinicola-d-o-toro","13":"first","14":"instock","15":"taxable","16":"shipping-taxable","17":"purchasable","18":"product-type-simple"},"_links":{"self":[{"href":"https:\/\/www.mr-vin.com\/en\/wp-json\/wp\/v2\/product\/3010","targetHints":{"allow":["GET"]}}],"collection":[{"href":"https:\/\/www.mr-vin.com\/en\/wp-json\/wp\/v2\/product"}],"about":[{"href":"https:\/\/www.mr-vin.com\/en\/wp-json\/wp\/v2\/types\/product"}],"wp:featuredmedia":[{"embeddable":true,"href":"https:\/\/www.mr-vin.com\/en\/wp-json\/wp\/v2\/media\/1845"}],"wp:attachment":[{"href":"https:\/\/www.mr-vin.com\/en\/wp-json\/wp\/v2\/media?parent=3010"}],"wp:term":[{"taxonomy":"product_brand","embeddable":true,"href":"https:\/\/www.mr-vin.com\/en\/wp-json\/wp\/v2\/product_brand?post=3010"},{"taxonomy":"product_cat","embeddable":true,"href":"https:\/\/www.mr-vin.com\/en\/wp-json\/wp\/v2\/product_cat?post=3010"},{"taxonomy":"product_tag","embeddable":true,"href":"https:\/\/www.mr-vin.com\/en\/wp-json\/wp\/v2\/product_tag?post=3010"}],"curies":[{"name":"wp","href":"https:\/\/api.w.org\/{rel}","templated":true}]}}