{"id":301,"date":"2020-07-21T11:22:12","date_gmt":"2020-07-21T11:22:12","guid":{"rendered":"https:\/\/www.mr-vin.com\/producto\/import-placeholder-for-2904\/"},"modified":"2025-10-02T20:46:46","modified_gmt":"2025-10-02T18:46:46","slug":"pazo-marinan","status":"publish","type":"product","link":"https:\/\/www.mr-vin.com\/en\/product\/pazo-marinan\/","title":{"rendered":"Pazo Mari\u00f1an"},"content":{"rendered":"<p>85% godello, 10% treixadura y 5% albari\u00f1o. Vinificado con nieve carb\u00f3nica.<\/p>\n","protected":false},"excerpt":{"rendered":"<p>85% godello, 10% treixadura y 5% albari\u00f1o. Vinificado con nieve carb\u00f3nica.<\/p>\n","protected":false},"featured_media":345,"template":"","meta":{"inline_featured_image":false,"_monsterinsights_skip_tracking":false,"_monsterinsights_sitenote_active":false,"_monsterinsights_sitenote_note":"","_monsterinsights_sitenote_category":0},"product_brand":[],"product_cat":[79],"product_tag":[],"class_list":{"0":"post-301","1":"product","2":"type-product","3":"status-publish","4":"has-post-thumbnail","6":"product_cat-vinos-blancos","7":"pa_bodega-tapias-marinan","8":"pa_estilo-blanco-joven-fresco-y-afrutado","9":"pa_zona-vinicola-d-o-monterrei","11":"first","12":"instock","13":"taxable","14":"shipping-taxable","15":"purchasable","16":"product-type-simple"},"_links":{"self":[{"href":"https:\/\/www.mr-vin.com\/en\/wp-json\/wp\/v2\/product\/301","targetHints":{"allow":["GET"]}}],"collection":[{"href":"https:\/\/www.mr-vin.com\/en\/wp-json\/wp\/v2\/product"}],"about":[{"href":"https:\/\/www.mr-vin.com\/en\/wp-json\/wp\/v2\/types\/product"}],"wp:featuredmedia":[{"embeddable":true,"href":"https:\/\/www.mr-vin.com\/en\/wp-json\/wp\/v2\/media\/345"}],"wp:attachment":[{"href":"https:\/\/www.mr-vin.com\/en\/wp-json\/wp\/v2\/media?parent=301"}],"wp:term":[{"taxonomy":"product_brand","embeddable":true,"href":"https:\/\/www.mr-vin.com\/en\/wp-json\/wp\/v2\/product_brand?post=301"},{"taxonomy":"product_cat","embeddable":true,"href":"https:\/\/www.mr-vin.com\/en\/wp-json\/wp\/v2\/product_cat?post=301"},{"taxonomy":"product_tag","embeddable":true,"href":"https:\/\/www.mr-vin.com\/en\/wp-json\/wp\/v2\/product_tag?post=301"}],"curies":[{"name":"wp","href":"https:\/\/api.w.org\/{rel}","templated":true}]}}