{"id":3000,"date":"2020-08-10T18:38:13","date_gmt":"2020-08-10T18:38:13","guid":{"rendered":"https:\/\/www.mr-vin.com\/producto\/import-placeholder-for-382\/"},"modified":"2024-05-30T12:56:10","modified_gmt":"2024-05-30T10:56:10","slug":"roda-reserva","status":"publish","type":"product","link":"https:\/\/www.mr-vin.com\/en\/product\/roda-reserva\/","title":{"rendered":"Roda Reserva"},"content":{"rendered":"<p>89% tempranillo, 9% graciano y 2% garnacha. Fermentaci\u00f3n en tinas de roble y maleol\u00e1ctica en barrica. 14 meses en barrica de roble franc\u00e9s, 40% nuevas, y 30 meses en botellas.<\/p>\n","protected":false},"excerpt":{"rendered":"<p>89% tempranillo, 9% graciano y 2% garnacha. Fermentaci\u00f3n en tinas de roble y maleol\u00e1ctica en barrica. 14 meses en barrica\u2026<\/p>\n","protected":false},"featured_media":1804,"template":"","meta":{"inline_featured_image":false,"_monsterinsights_skip_tracking":false,"_monsterinsights_sitenote_active":false,"_monsterinsights_sitenote_note":"","_monsterinsights_sitenote_category":0},"product_brand":[],"product_cat":[77],"product_tag":[],"class_list":{"0":"post-3000","1":"product","2":"type-product","3":"status-publish","4":"has-post-thumbnail","6":"product_cat-vinos-tintos","7":"pa_bodega-roda","8":"pa_estilo-buena-estructura","9":"pa_estilo-tinto-con-cuerpo","10":"pa_zona-vinicola-d-o-c-rioja","12":"first","13":"instock","14":"taxable","15":"shipping-taxable","16":"purchasable","17":"product-type-simple"},"_links":{"self":[{"href":"https:\/\/www.mr-vin.com\/en\/wp-json\/wp\/v2\/product\/3000","targetHints":{"allow":["GET"]}}],"collection":[{"href":"https:\/\/www.mr-vin.com\/en\/wp-json\/wp\/v2\/product"}],"about":[{"href":"https:\/\/www.mr-vin.com\/en\/wp-json\/wp\/v2\/types\/product"}],"wp:featuredmedia":[{"embeddable":true,"href":"https:\/\/www.mr-vin.com\/en\/wp-json\/wp\/v2\/media\/1804"}],"wp:attachment":[{"href":"https:\/\/www.mr-vin.com\/en\/wp-json\/wp\/v2\/media?parent=3000"}],"wp:term":[{"taxonomy":"product_brand","embeddable":true,"href":"https:\/\/www.mr-vin.com\/en\/wp-json\/wp\/v2\/product_brand?post=3000"},{"taxonomy":"product_cat","embeddable":true,"href":"https:\/\/www.mr-vin.com\/en\/wp-json\/wp\/v2\/product_cat?post=3000"},{"taxonomy":"product_tag","embeddable":true,"href":"https:\/\/www.mr-vin.com\/en\/wp-json\/wp\/v2\/product_tag?post=3000"}],"curies":[{"name":"wp","href":"https:\/\/api.w.org\/{rel}","templated":true}]}}