{"id":2999,"date":"2020-08-10T18:38:13","date_gmt":"2020-08-10T18:38:13","guid":{"rendered":"https:\/\/www.mr-vin.com\/producto\/import-placeholder-for-381\/"},"modified":"2024-05-30T12:56:10","modified_gmt":"2024-05-30T10:56:10","slug":"jose-pariente-cuvee-especial","status":"publish","type":"product","link":"https:\/\/www.mr-vin.com\/en\/product\/jose-pariente-cuvee-especial\/","title":{"rendered":"Jos\u00e9 Pariente Cuv\u00e9e Especial"},"content":{"rendered":"<p>100% verdejo de vi\u00f1as viejas. Crianza sobre l\u00edas en dep\u00f3sitos ovoides de cemento de arcilla.<\/p>\n","protected":false},"excerpt":{"rendered":"<p>100% verdejo de vi\u00f1as viejas. Crianza sobre l\u00edas en dep\u00f3sitos ovoides de cemento de arcilla.<\/p>\n","protected":false},"featured_media":1802,"template":"","meta":{"inline_featured_image":false,"_monsterinsights_skip_tracking":false,"_monsterinsights_sitenote_active":false,"_monsterinsights_sitenote_note":"","_monsterinsights_sitenote_category":0},"product_brand":[],"product_cat":[79],"product_tag":[444],"class_list":{"0":"post-2999","1":"product","2":"type-product","3":"status-publish","4":"has-post-thumbnail","6":"product_cat-vinos-blancos","7":"product_tag-vinos-para-regalar-y-quedar-muy-bien","8":"pa_bodega-jose-pariente","9":"pa_estilo-blanco-maduro-con-estructura","10":"pa_zona-vinicola-d-o-rueda","12":"first","13":"instock","14":"taxable","15":"shipping-taxable","16":"purchasable","17":"product-type-simple"},"_links":{"self":[{"href":"https:\/\/www.mr-vin.com\/en\/wp-json\/wp\/v2\/product\/2999","targetHints":{"allow":["GET"]}}],"collection":[{"href":"https:\/\/www.mr-vin.com\/en\/wp-json\/wp\/v2\/product"}],"about":[{"href":"https:\/\/www.mr-vin.com\/en\/wp-json\/wp\/v2\/types\/product"}],"wp:featuredmedia":[{"embeddable":true,"href":"https:\/\/www.mr-vin.com\/en\/wp-json\/wp\/v2\/media\/1802"}],"wp:attachment":[{"href":"https:\/\/www.mr-vin.com\/en\/wp-json\/wp\/v2\/media?parent=2999"}],"wp:term":[{"taxonomy":"product_brand","embeddable":true,"href":"https:\/\/www.mr-vin.com\/en\/wp-json\/wp\/v2\/product_brand?post=2999"},{"taxonomy":"product_cat","embeddable":true,"href":"https:\/\/www.mr-vin.com\/en\/wp-json\/wp\/v2\/product_cat?post=2999"},{"taxonomy":"product_tag","embeddable":true,"href":"https:\/\/www.mr-vin.com\/en\/wp-json\/wp\/v2\/product_tag?post=2999"}],"curies":[{"name":"wp","href":"https:\/\/api.w.org\/{rel}","templated":true}]}}