{"id":2994,"date":"2020-08-10T18:38:12","date_gmt":"2020-08-10T18:38:12","guid":{"rendered":"https:\/\/www.mr-vin.com\/producto\/import-placeholder-for-376\/"},"modified":"2024-05-30T12:56:08","modified_gmt":"2024-05-30T10:56:08","slug":"finca-racons-macabeu","status":"publish","type":"product","link":"https:\/\/www.mr-vin.com\/en\/product\/finca-racons-macabeu\/","title":{"rendered":"Finca Racons Macabeu"},"content":{"rendered":"<p>Selecci\u00f3n de uvas de la finca Racons. Macabeo procedente de vi\u00f1as viejas. 50% fermentado en barricas de roble franc\u00e9s y 6 meses sobre l\u00edas.<\/p>\n","protected":false},"excerpt":{"rendered":"<p>Selecci\u00f3n de uvas de la finca Racons. Macabeo procedente de vi\u00f1as viejas. 50% fermentado en barricas de roble franc\u00e9s y\u2026<\/p>\n","protected":false},"featured_media":1792,"template":"","meta":{"inline_featured_image":false,"_monsterinsights_skip_tracking":false,"_monsterinsights_sitenote_active":false,"_monsterinsights_sitenote_note":"","_monsterinsights_sitenote_category":0},"product_brand":[],"product_cat":[79],"product_tag":[],"class_list":{"0":"post-2994","1":"product","2":"type-product","3":"status-publish","4":"has-post-thumbnail","6":"product_cat-vinos-blancos","7":"pa_bodega-tomas-cusine","8":"pa_estilo-blanco-maduro-con-estructura","9":"pa_zona-vinicola-d-o-costers-del-segre","11":"first","12":"outofstock","13":"taxable","14":"shipping-taxable","15":"purchasable","16":"product-type-simple"},"_links":{"self":[{"href":"https:\/\/www.mr-vin.com\/en\/wp-json\/wp\/v2\/product\/2994","targetHints":{"allow":["GET"]}}],"collection":[{"href":"https:\/\/www.mr-vin.com\/en\/wp-json\/wp\/v2\/product"}],"about":[{"href":"https:\/\/www.mr-vin.com\/en\/wp-json\/wp\/v2\/types\/product"}],"wp:featuredmedia":[{"embeddable":true,"href":"https:\/\/www.mr-vin.com\/en\/wp-json\/wp\/v2\/media\/1792"}],"wp:attachment":[{"href":"https:\/\/www.mr-vin.com\/en\/wp-json\/wp\/v2\/media?parent=2994"}],"wp:term":[{"taxonomy":"product_brand","embeddable":true,"href":"https:\/\/www.mr-vin.com\/en\/wp-json\/wp\/v2\/product_brand?post=2994"},{"taxonomy":"product_cat","embeddable":true,"href":"https:\/\/www.mr-vin.com\/en\/wp-json\/wp\/v2\/product_cat?post=2994"},{"taxonomy":"product_tag","embeddable":true,"href":"https:\/\/www.mr-vin.com\/en\/wp-json\/wp\/v2\/product_tag?post=2994"}],"curies":[{"name":"wp","href":"https:\/\/api.w.org\/{rel}","templated":true}]}}