{"id":2987,"date":"2020-08-10T18:38:12","date_gmt":"2020-08-10T18:38:12","guid":{"rendered":"https:\/\/www.mr-vin.com\/producto\/import-placeholder-for-369\/"},"modified":"2025-05-28T10:32:22","modified_gmt":"2025-05-28T08:32:22","slug":"marques-de-murrieta-premier-rose","status":"publish","type":"product","link":"https:\/\/www.mr-vin.com\/en\/product\/marques-de-murrieta-premier-rose\/","title":{"rendered":"Marqu\u00e9s de Murrieta Primer Ros\u00e9"},"content":{"rendered":"<p>100% mazuelo. Fermentaci\u00f3n en inox. 40 d\u00edas sobre l\u00edas.<\/p>\n<p>Primer Rose\u0301 esta\u0301 elaborado con uvas procedentes del Pago Lucas, de 5 ha y plantado en 1985 en la Finca Ygay. Su suelo es arcillo-calca\u0301reo con presencia de cantos rodados en superficie y esta\u0301 situado a 350 metros de altitud.<\/p>\n<p>Elaborado exclusivamente con uva tinta de la variedad mazuelo. Tras recibir las uvas, se despalillan y se separa el mosto de la piel extrayendo asi\u0301 la esencia, el mosto ma\u0301s delicado. Se introduce en un depo\u0301sito de hormigo\u0301n para que realice la fermentacio\u0301n alcoho\u0301lica lentamente a temperatura controlada de 10\u00b0C, evitando la fermentacio\u0301n malola\u0301ctica.<\/p>\n","protected":false},"excerpt":{"rendered":"<p>100% mazuelo. Fermentaci\u00f3n en inox. 40 d\u00edas sobre l\u00edas. Primer Rose\u0301 esta\u0301 elaborado con uvas procedentes del Pago Lucas, de\u2026<\/p>\n","protected":false},"featured_media":9779,"template":"","meta":{"inline_featured_image":false,"_monsterinsights_skip_tracking":false,"_monsterinsights_sitenote_active":false,"_monsterinsights_sitenote_note":"","_monsterinsights_sitenote_category":0},"product_brand":[],"product_cat":[80],"product_tag":[],"class_list":{"0":"post-2987","1":"product","2":"type-product","3":"status-publish","4":"has-post-thumbnail","6":"product_cat-vinos-rosados","7":"pa_bodega-marques-de-murrieta","8":"pa_estilo-fresco-y-afrutado","9":"pa_estilo-rosado-suave","10":"pa_zona-vinicola-d-o-c-rioja","12":"first","13":"instock","14":"taxable","15":"shipping-taxable","16":"purchasable","17":"product-type-simple"},"_links":{"self":[{"href":"https:\/\/www.mr-vin.com\/en\/wp-json\/wp\/v2\/product\/2987","targetHints":{"allow":["GET"]}}],"collection":[{"href":"https:\/\/www.mr-vin.com\/en\/wp-json\/wp\/v2\/product"}],"about":[{"href":"https:\/\/www.mr-vin.com\/en\/wp-json\/wp\/v2\/types\/product"}],"wp:featuredmedia":[{"embeddable":true,"href":"https:\/\/www.mr-vin.com\/en\/wp-json\/wp\/v2\/media\/9779"}],"wp:attachment":[{"href":"https:\/\/www.mr-vin.com\/en\/wp-json\/wp\/v2\/media?parent=2987"}],"wp:term":[{"taxonomy":"product_brand","embeddable":true,"href":"https:\/\/www.mr-vin.com\/en\/wp-json\/wp\/v2\/product_brand?post=2987"},{"taxonomy":"product_cat","embeddable":true,"href":"https:\/\/www.mr-vin.com\/en\/wp-json\/wp\/v2\/product_cat?post=2987"},{"taxonomy":"product_tag","embeddable":true,"href":"https:\/\/www.mr-vin.com\/en\/wp-json\/wp\/v2\/product_tag?post=2987"}],"curies":[{"name":"wp","href":"https:\/\/api.w.org\/{rel}","templated":true}]}}