{"id":2977,"date":"2020-08-10T18:38:03","date_gmt":"2020-08-10T18:38:03","guid":{"rendered":"https:\/\/www.mr-vin.com\/producto\/import-placeholder-for-356\/"},"modified":"2024-05-30T12:56:07","modified_gmt":"2024-05-30T10:56:07","slug":"bouchard-aine-fils-hautes-cotes-de-beaune","status":"publish","type":"product","link":"https:\/\/www.mr-vin.com\/en\/product\/bouchard-aine-fils-hautes-cotes-de-beaune\/","title":{"rendered":"Bouchard A\u00eene &#038; Fils Hautes C\u00f4tes de Beaune"},"content":{"rendered":"<p>100% pinot noir. Fermentaci\u00f3n en inox y crianza en barricas de roble.<\/p>\n","protected":false},"excerpt":{"rendered":"<p>100% pinot noir. Fermentaci\u00f3n en inox y crianza en barricas de roble.<\/p>\n","protected":false},"featured_media":1733,"template":"","meta":{"inline_featured_image":false,"_monsterinsights_skip_tracking":false,"_monsterinsights_sitenote_active":false,"_monsterinsights_sitenote_note":"","_monsterinsights_sitenote_category":0},"product_brand":[],"product_cat":[77],"product_tag":[],"class_list":{"0":"post-2977","1":"product","2":"type-product","3":"status-publish","4":"has-post-thumbnail","6":"product_cat-vinos-tintos","7":"pa_estilo-intensidad-media","8":"pa_estilo-tinto-maduro","10":"first","11":"instock","12":"taxable","13":"shipping-taxable","14":"purchasable","15":"product-type-simple"},"_links":{"self":[{"href":"https:\/\/www.mr-vin.com\/en\/wp-json\/wp\/v2\/product\/2977","targetHints":{"allow":["GET"]}}],"collection":[{"href":"https:\/\/www.mr-vin.com\/en\/wp-json\/wp\/v2\/product"}],"about":[{"href":"https:\/\/www.mr-vin.com\/en\/wp-json\/wp\/v2\/types\/product"}],"wp:featuredmedia":[{"embeddable":true,"href":"https:\/\/www.mr-vin.com\/en\/wp-json\/wp\/v2\/media\/1733"}],"wp:attachment":[{"href":"https:\/\/www.mr-vin.com\/en\/wp-json\/wp\/v2\/media?parent=2977"}],"wp:term":[{"taxonomy":"product_brand","embeddable":true,"href":"https:\/\/www.mr-vin.com\/en\/wp-json\/wp\/v2\/product_brand?post=2977"},{"taxonomy":"product_cat","embeddable":true,"href":"https:\/\/www.mr-vin.com\/en\/wp-json\/wp\/v2\/product_cat?post=2977"},{"taxonomy":"product_tag","embeddable":true,"href":"https:\/\/www.mr-vin.com\/en\/wp-json\/wp\/v2\/product_tag?post=2977"}],"curies":[{"name":"wp","href":"https:\/\/api.w.org\/{rel}","templated":true}]}}