{"id":2947,"date":"2020-08-10T18:37:51","date_gmt":"2020-08-10T18:37:51","guid":{"rendered":"https:\/\/www.mr-vin.com\/producto\/import-placeholder-for-322\/"},"modified":"2024-05-30T12:56:03","modified_gmt":"2024-05-30T10:56:03","slug":"raventos-i-blanc-gran-reserva-de-la-finca-brut-nature","status":"publish","type":"product","link":"https:\/\/www.mr-vin.com\/en\/product\/raventos-i-blanc-gran-reserva-de-la-finca-brut-nature\/","title":{"rendered":"Ravent\u00f3s i Blanc \/ Gran Reserva De la Finca Brut Nature"},"content":{"rendered":"<p>50% macabeo, 40% xarel\u00b7lo y 10% Parellada. 3 a\u00f1os de rima sin a\u00f1adir licor de expedidi\u00f3n.<\/p>\n","protected":false},"excerpt":{"rendered":"<p>50% macabeo, 40% xarel\u00b7lo y 10% Parellada. 3 a\u00f1os de rima sin a\u00f1adir licor de expedidi\u00f3n.<\/p>\n","protected":false},"featured_media":1014,"template":"","meta":{"inline_featured_image":false,"_monsterinsights_skip_tracking":false,"_monsterinsights_sitenote_active":false,"_monsterinsights_sitenote_note":"","_monsterinsights_sitenote_category":0},"product_brand":[],"product_cat":[277],"product_tag":[],"class_list":{"0":"post-2947","1":"product","2":"type-product","3":"status-publish","4":"has-post-thumbnail","6":"product_cat-espumosos","7":"pa_bodega-raventos-i-blanc","8":"pa_estilo-espumoso-fresco","9":"pa_zona-vinicola-conca-del-riu-anoia","11":"first","12":"outofstock","13":"taxable","14":"shipping-taxable","15":"purchasable","16":"product-type-simple"},"_links":{"self":[{"href":"https:\/\/www.mr-vin.com\/en\/wp-json\/wp\/v2\/product\/2947","targetHints":{"allow":["GET"]}}],"collection":[{"href":"https:\/\/www.mr-vin.com\/en\/wp-json\/wp\/v2\/product"}],"about":[{"href":"https:\/\/www.mr-vin.com\/en\/wp-json\/wp\/v2\/types\/product"}],"wp:featuredmedia":[{"embeddable":true,"href":"https:\/\/www.mr-vin.com\/en\/wp-json\/wp\/v2\/media\/1014"}],"wp:attachment":[{"href":"https:\/\/www.mr-vin.com\/en\/wp-json\/wp\/v2\/media?parent=2947"}],"wp:term":[{"taxonomy":"product_brand","embeddable":true,"href":"https:\/\/www.mr-vin.com\/en\/wp-json\/wp\/v2\/product_brand?post=2947"},{"taxonomy":"product_cat","embeddable":true,"href":"https:\/\/www.mr-vin.com\/en\/wp-json\/wp\/v2\/product_cat?post=2947"},{"taxonomy":"product_tag","embeddable":true,"href":"https:\/\/www.mr-vin.com\/en\/wp-json\/wp\/v2\/product_tag?post=2947"}],"curies":[{"name":"wp","href":"https:\/\/api.w.org\/{rel}","templated":true}]}}