{"id":2934,"date":"2020-08-10T18:37:50","date_gmt":"2020-08-10T18:37:50","guid":{"rendered":"https:\/\/www.mr-vin.com\/producto\/import-placeholder-for-308\/"},"modified":"2024-05-30T12:56:02","modified_gmt":"2024-05-30T10:56:02","slug":"humberto-canale-pinot-noir-patagonia","status":"publish","type":"product","link":"https:\/\/www.mr-vin.com\/en\/product\/humberto-canale-pinot-noir-patagonia\/","title":{"rendered":"Humberto Canale Pinot Noir Patagonia"},"content":{"rendered":"<p>100% pinot noir. Fermentaci\u00f3n en dep\u00f3sitos de cemento y crianza de 7 meses en barricas de roble franc\u00e9s y americano.<\/p>\n","protected":false},"excerpt":{"rendered":"<p>100% pinot noir. Fermentaci\u00f3n en dep\u00f3sitos de cemento y crianza de 7 meses en barricas de roble franc\u00e9s y americano.<\/p>\n","protected":false},"featured_media":1566,"template":"","meta":{"inline_featured_image":false,"_monsterinsights_skip_tracking":false,"_monsterinsights_sitenote_active":false,"_monsterinsights_sitenote_note":"","_monsterinsights_sitenote_category":0},"product_brand":[],"product_cat":[77],"product_tag":[],"class_list":{"0":"post-2934","1":"product","2":"type-product","3":"status-publish","4":"has-post-thumbnail","6":"product_cat-vinos-tintos","7":"pa_bodega-bodega-humberto-canale","8":"pa_estilo-intensidad-media","9":"pa_estilo-tinto-suave-fresco","11":"first","12":"instock","13":"taxable","14":"shipping-taxable","15":"purchasable","16":"product-type-simple"},"_links":{"self":[{"href":"https:\/\/www.mr-vin.com\/en\/wp-json\/wp\/v2\/product\/2934","targetHints":{"allow":["GET"]}}],"collection":[{"href":"https:\/\/www.mr-vin.com\/en\/wp-json\/wp\/v2\/product"}],"about":[{"href":"https:\/\/www.mr-vin.com\/en\/wp-json\/wp\/v2\/types\/product"}],"wp:featuredmedia":[{"embeddable":true,"href":"https:\/\/www.mr-vin.com\/en\/wp-json\/wp\/v2\/media\/1566"}],"wp:attachment":[{"href":"https:\/\/www.mr-vin.com\/en\/wp-json\/wp\/v2\/media?parent=2934"}],"wp:term":[{"taxonomy":"product_brand","embeddable":true,"href":"https:\/\/www.mr-vin.com\/en\/wp-json\/wp\/v2\/product_brand?post=2934"},{"taxonomy":"product_cat","embeddable":true,"href":"https:\/\/www.mr-vin.com\/en\/wp-json\/wp\/v2\/product_cat?post=2934"},{"taxonomy":"product_tag","embeddable":true,"href":"https:\/\/www.mr-vin.com\/en\/wp-json\/wp\/v2\/product_tag?post=2934"}],"curies":[{"name":"wp","href":"https:\/\/api.w.org\/{rel}","templated":true}]}}