{"id":2895,"date":"2020-08-10T18:37:34","date_gmt":"2020-08-10T18:37:34","guid":{"rendered":"https:\/\/www.mr-vin.com\/producto\/import-placeholder-for-264\/"},"modified":"2024-05-30T12:55:59","modified_gmt":"2024-05-30T10:55:59","slug":"raventos-i-blanc-blanc-de-blancs","status":"publish","type":"product","link":"https:\/\/www.mr-vin.com\/en\/product\/raventos-i-blanc-blanc-de-blancs\/","title":{"rendered":"Ravent\u00f3s i Blanc \/ Blanc de Blancs"},"content":{"rendered":"<p>42% macabeo, 38% xarel\u00b7lo y 20% parellada. 3 a\u00f1os de rima sin a\u00f1adir licor de expedici\u00f3n.<\/p>\n","protected":false},"excerpt":{"rendered":"<p>42% macabeo, 38% xarel\u00b7lo y 20% parellada. 3 a\u00f1os de rima sin a\u00f1adir licor de expedici\u00f3n.<\/p>\n","protected":false},"featured_media":584,"template":"","meta":{"inline_featured_image":false,"_monsterinsights_skip_tracking":false,"_monsterinsights_sitenote_active":false,"_monsterinsights_sitenote_note":"","_monsterinsights_sitenote_category":0},"product_brand":[],"product_cat":[277],"product_tag":[],"class_list":{"0":"post-2895","1":"product","2":"type-product","3":"status-publish","4":"has-post-thumbnail","6":"product_cat-espumosos","7":"pa_bodega-raventos-i-blanc","8":"pa_estilo-espumoso-fresco","9":"pa_zona-vinicola-conca-del-riu-anoia","11":"first","12":"outofstock","13":"taxable","14":"shipping-taxable","15":"purchasable","16":"product-type-simple"},"_links":{"self":[{"href":"https:\/\/www.mr-vin.com\/en\/wp-json\/wp\/v2\/product\/2895","targetHints":{"allow":["GET"]}}],"collection":[{"href":"https:\/\/www.mr-vin.com\/en\/wp-json\/wp\/v2\/product"}],"about":[{"href":"https:\/\/www.mr-vin.com\/en\/wp-json\/wp\/v2\/types\/product"}],"wp:featuredmedia":[{"embeddable":true,"href":"https:\/\/www.mr-vin.com\/en\/wp-json\/wp\/v2\/media\/584"}],"wp:attachment":[{"href":"https:\/\/www.mr-vin.com\/en\/wp-json\/wp\/v2\/media?parent=2895"}],"wp:term":[{"taxonomy":"product_brand","embeddable":true,"href":"https:\/\/www.mr-vin.com\/en\/wp-json\/wp\/v2\/product_brand?post=2895"},{"taxonomy":"product_cat","embeddable":true,"href":"https:\/\/www.mr-vin.com\/en\/wp-json\/wp\/v2\/product_cat?post=2895"},{"taxonomy":"product_tag","embeddable":true,"href":"https:\/\/www.mr-vin.com\/en\/wp-json\/wp\/v2\/product_tag?post=2895"}],"curies":[{"name":"wp","href":"https:\/\/api.w.org\/{rel}","templated":true}]}}