{"id":2883,"date":"2020-08-10T18:37:33","date_gmt":"2020-08-10T18:37:33","guid":{"rendered":"https:\/\/www.mr-vin.com\/producto\/import-placeholder-for-247\/"},"modified":"2024-05-30T12:55:58","modified_gmt":"2024-05-30T10:55:58","slug":"electrico-fino-en-rama","status":"publish","type":"product","link":"https:\/\/www.mr-vin.com\/en\/product\/electrico-fino-en-rama\/","title":{"rendered":"El\u00e9ctrico Fino en Rama"},"content":{"rendered":"<p>100% Pedro Xim\u00e9nez. Criaderas y soleras 5 a\u00f1os 15% graduaci\u00f3n.<\/p>\n","protected":false},"excerpt":{"rendered":"<p>100% Pedro Xim\u00e9nez. Criaderas y soleras 5 a\u00f1os 15% graduaci\u00f3n.<\/p>\n","protected":false},"featured_media":499,"template":"","meta":{"inline_featured_image":false,"_monsterinsights_skip_tracking":false,"_monsterinsights_sitenote_active":false,"_monsterinsights_sitenote_note":"","_monsterinsights_sitenote_category":0},"product_brand":[],"product_cat":[278],"product_tag":[],"class_list":{"0":"post-2883","1":"product","2":"type-product","3":"status-publish","4":"has-post-thumbnail","6":"product_cat-elaboraciones-especiales","7":"pa_bodega-toro-albala","8":"pa_estilo-blanco-de-crianza-biologica","9":"pa_zona-vinicola-d-o-montilla-moriles","11":"first","12":"instock","13":"taxable","14":"shipping-taxable","15":"purchasable","16":"product-type-simple"},"_links":{"self":[{"href":"https:\/\/www.mr-vin.com\/en\/wp-json\/wp\/v2\/product\/2883","targetHints":{"allow":["GET"]}}],"collection":[{"href":"https:\/\/www.mr-vin.com\/en\/wp-json\/wp\/v2\/product"}],"about":[{"href":"https:\/\/www.mr-vin.com\/en\/wp-json\/wp\/v2\/types\/product"}],"wp:featuredmedia":[{"embeddable":true,"href":"https:\/\/www.mr-vin.com\/en\/wp-json\/wp\/v2\/media\/499"}],"wp:attachment":[{"href":"https:\/\/www.mr-vin.com\/en\/wp-json\/wp\/v2\/media?parent=2883"}],"wp:term":[{"taxonomy":"product_brand","embeddable":true,"href":"https:\/\/www.mr-vin.com\/en\/wp-json\/wp\/v2\/product_brand?post=2883"},{"taxonomy":"product_cat","embeddable":true,"href":"https:\/\/www.mr-vin.com\/en\/wp-json\/wp\/v2\/product_cat?post=2883"},{"taxonomy":"product_tag","embeddable":true,"href":"https:\/\/www.mr-vin.com\/en\/wp-json\/wp\/v2\/product_tag?post=2883"}],"curies":[{"name":"wp","href":"https:\/\/api.w.org\/{rel}","templated":true}]}}