{"id":2824,"date":"2020-08-10T18:37:12","date_gmt":"2020-08-10T16:37:12","guid":{"rendered":"https:\/\/www.mr-vin.com\/producto\/import-placeholder-for-185\/"},"modified":"2024-07-26T14:16:53","modified_gmt":"2024-07-26T12:16:53","slug":"remelluri","status":"publish","type":"product","link":"https:\/\/www.mr-vin.com\/en\/product\/remelluri\/","title":{"rendered":"Remelluri reserva"},"content":{"rendered":"<p>80% Tempranillo, 11% Graciano, 9% Garnacha.<\/p>\n<p>Los vi\u00f1edos se encuentran en los valles Remelluri, Valderremelluri y Villaescusa, repartidos en 153 parcelas por 25 t\u00e9rminos de la propiedad. Viticultura tradicional, en ecol\u00f3gico.<\/p>\n<p>Crianza de entre 20 y 22 meses.<\/p>\n<p><em><strong>Maridaje:<\/strong>Carnes rojas, caza menor, estofados y queso Idiaz\u00e1bal.<\/em><\/p>\n","protected":false},"excerpt":{"rendered":"<p>80% Tempranillo, 11% Graciano, 9% Garnacha. Los vi\u00f1edos se encuentran en los valles Remelluri, Valderremelluri y Villaescusa, repartidos en 153\u2026<\/p>\n","protected":false},"featured_media":695,"template":"","meta":{"inline_featured_image":false,"_monsterinsights_skip_tracking":false,"_monsterinsights_sitenote_active":false,"_monsterinsights_sitenote_note":"","_monsterinsights_sitenote_category":0},"product_brand":[],"product_cat":[77],"product_tag":[],"class_list":{"0":"post-2824","1":"product","2":"type-product","3":"status-publish","4":"has-post-thumbnail","6":"product_cat-vinos-tintos","7":"pa_bodega-seleccion-vinos-de-rioja","8":"pa_estilo-intensidad-media","9":"pa_estilo-tinto-maduro","10":"pa_zona-vinicola-d-o-c-rioja","12":"first","13":"instock","14":"taxable","15":"shipping-taxable","16":"purchasable","17":"product-type-simple"},"_links":{"self":[{"href":"https:\/\/www.mr-vin.com\/en\/wp-json\/wp\/v2\/product\/2824","targetHints":{"allow":["GET"]}}],"collection":[{"href":"https:\/\/www.mr-vin.com\/en\/wp-json\/wp\/v2\/product"}],"about":[{"href":"https:\/\/www.mr-vin.com\/en\/wp-json\/wp\/v2\/types\/product"}],"wp:featuredmedia":[{"embeddable":true,"href":"https:\/\/www.mr-vin.com\/en\/wp-json\/wp\/v2\/media\/695"}],"wp:attachment":[{"href":"https:\/\/www.mr-vin.com\/en\/wp-json\/wp\/v2\/media?parent=2824"}],"wp:term":[{"taxonomy":"product_brand","embeddable":true,"href":"https:\/\/www.mr-vin.com\/en\/wp-json\/wp\/v2\/product_brand?post=2824"},{"taxonomy":"product_cat","embeddable":true,"href":"https:\/\/www.mr-vin.com\/en\/wp-json\/wp\/v2\/product_cat?post=2824"},{"taxonomy":"product_tag","embeddable":true,"href":"https:\/\/www.mr-vin.com\/en\/wp-json\/wp\/v2\/product_tag?post=2824"}],"curies":[{"name":"wp","href":"https:\/\/api.w.org\/{rel}","templated":true}]}}