{"id":2811,"date":"2020-08-10T18:37:03","date_gmt":"2020-08-10T18:37:03","guid":{"rendered":"https:\/\/www.mr-vin.com\/producto\/import-placeholder-for-173\/"},"modified":"2024-05-30T12:55:51","modified_gmt":"2024-05-30T10:55:51","slug":"petalos-del-bierzo","status":"publish","type":"product","link":"https:\/\/www.mr-vin.com\/en\/product\/petalos-del-bierzo\/","title":{"rendered":"P\u00e9talos del Bierzo"},"content":{"rendered":"<p>100% menc\u00eda de vi\u00f1edos de 50-90 a\u00f1os. 10 meses de crianza en roble franc\u00e9s.<\/p>\n","protected":false},"excerpt":{"rendered":"<p>100% menc\u00eda de vi\u00f1edos de 50-90 a\u00f1os. 10 meses de crianza en roble franc\u00e9s.<\/p>\n","protected":false},"featured_media":676,"template":"","meta":{"inline_featured_image":false,"_monsterinsights_skip_tracking":false,"_monsterinsights_sitenote_active":false,"_monsterinsights_sitenote_note":"","_monsterinsights_sitenote_category":0},"product_brand":[],"product_cat":[77],"product_tag":[448],"class_list":{"0":"post-2811","1":"product","2":"type-product","3":"status-publish","4":"has-post-thumbnail","6":"product_cat-vinos-tintos","7":"product_tag-vinos-para-dar-una-vuelta-por-espana","8":"pa_bodega-descendientes-de-j-palacios","9":"pa_estilo-intensidad-media","10":"pa_estilo-tinto-suave-fresco","11":"pa_zona-vinicola-d-o-bierzo","13":"first","14":"instock","15":"taxable","16":"shipping-taxable","17":"purchasable","18":"product-type-simple"},"_links":{"self":[{"href":"https:\/\/www.mr-vin.com\/en\/wp-json\/wp\/v2\/product\/2811","targetHints":{"allow":["GET"]}}],"collection":[{"href":"https:\/\/www.mr-vin.com\/en\/wp-json\/wp\/v2\/product"}],"about":[{"href":"https:\/\/www.mr-vin.com\/en\/wp-json\/wp\/v2\/types\/product"}],"wp:featuredmedia":[{"embeddable":true,"href":"https:\/\/www.mr-vin.com\/en\/wp-json\/wp\/v2\/media\/676"}],"wp:attachment":[{"href":"https:\/\/www.mr-vin.com\/en\/wp-json\/wp\/v2\/media?parent=2811"}],"wp:term":[{"taxonomy":"product_brand","embeddable":true,"href":"https:\/\/www.mr-vin.com\/en\/wp-json\/wp\/v2\/product_brand?post=2811"},{"taxonomy":"product_cat","embeddable":true,"href":"https:\/\/www.mr-vin.com\/en\/wp-json\/wp\/v2\/product_cat?post=2811"},{"taxonomy":"product_tag","embeddable":true,"href":"https:\/\/www.mr-vin.com\/en\/wp-json\/wp\/v2\/product_tag?post=2811"}],"curies":[{"name":"wp","href":"https:\/\/api.w.org\/{rel}","templated":true}]}}