{"id":2808,"date":"2020-08-10T18:37:03","date_gmt":"2020-08-10T18:37:03","guid":{"rendered":"https:\/\/www.mr-vin.com\/producto\/import-placeholder-for-169\/"},"modified":"2025-06-17T09:33:39","modified_gmt":"2025-06-17T07:33:39","slug":"emilio-moro","status":"publish","type":"product","link":"https:\/\/www.mr-vin.com\/en\/product\/emilio-moro\/","title":{"rendered":"Emilio Moro"},"content":{"rendered":"<p>100% tinto fino, vi\u00f1edos de 12-25 a\u00f1os. 12 meses de crianza en barricas de roble franc\u00e9s y americano.<\/p>\n","protected":false},"excerpt":{"rendered":"<p>100% tinto fino, vi\u00f1edos de 12-25 a\u00f1os. 12 meses de crianza en barricas de roble franc\u00e9s y americano.<\/p>\n","protected":false},"featured_media":672,"template":"","meta":{"inline_featured_image":false,"_monsterinsights_skip_tracking":false,"_monsterinsights_sitenote_active":false,"_monsterinsights_sitenote_note":"","_monsterinsights_sitenote_category":0},"product_brand":[],"product_cat":[77],"product_tag":[444],"class_list":{"0":"post-2808","1":"product","2":"type-product","3":"status-publish","4":"has-post-thumbnail","6":"product_cat-vinos-tintos","7":"product_tag-vinos-para-regalar-y-quedar-muy-bien","8":"pa_bodega-emilio-moro","9":"pa_estilo-buena-estructura","10":"pa_estilo-tinto-con-cuerpo","11":"pa_zona-vinicola-d-o-ribera-del-duero","13":"first","14":"instock","15":"taxable","16":"shipping-taxable","17":"purchasable","18":"product-type-simple"},"_links":{"self":[{"href":"https:\/\/www.mr-vin.com\/en\/wp-json\/wp\/v2\/product\/2808","targetHints":{"allow":["GET"]}}],"collection":[{"href":"https:\/\/www.mr-vin.com\/en\/wp-json\/wp\/v2\/product"}],"about":[{"href":"https:\/\/www.mr-vin.com\/en\/wp-json\/wp\/v2\/types\/product"}],"wp:featuredmedia":[{"embeddable":true,"href":"https:\/\/www.mr-vin.com\/en\/wp-json\/wp\/v2\/media\/672"}],"wp:attachment":[{"href":"https:\/\/www.mr-vin.com\/en\/wp-json\/wp\/v2\/media?parent=2808"}],"wp:term":[{"taxonomy":"product_brand","embeddable":true,"href":"https:\/\/www.mr-vin.com\/en\/wp-json\/wp\/v2\/product_brand?post=2808"},{"taxonomy":"product_cat","embeddable":true,"href":"https:\/\/www.mr-vin.com\/en\/wp-json\/wp\/v2\/product_cat?post=2808"},{"taxonomy":"product_tag","embeddable":true,"href":"https:\/\/www.mr-vin.com\/en\/wp-json\/wp\/v2\/product_tag?post=2808"}],"curies":[{"name":"wp","href":"https:\/\/api.w.org\/{rel}","templated":true}]}}