{"id":2797,"date":"2020-08-10T18:37:02","date_gmt":"2020-08-10T18:37:02","guid":{"rendered":"https:\/\/www.mr-vin.com\/producto\/import-placeholder-for-153\/"},"modified":"2025-08-27T12:30:38","modified_gmt":"2025-08-27T10:30:38","slug":"belondrade-quinta-apolonia","status":"publish","type":"product","link":"https:\/\/www.mr-vin.com\/en\/product\/belondrade-quinta-apolonia\/","title":{"rendered":"Belondrade Quinta Apolonia"},"content":{"rendered":"<p>100% verdejo fermentado y criado sobre l\u00edas. Una parte de la primera selecci\u00f3n de barricas de Belondrade y vi\u00f1as m\u00e1s j\u00f3venes.<\/p>\n","protected":false},"excerpt":{"rendered":"<p>100% verdejo fermentado y criado sobre l\u00edas. Una parte de la primera selecci\u00f3n de barricas de Belondrade y vi\u00f1as m\u00e1s\u2026<\/p>\n","protected":false},"featured_media":640,"template":"","meta":{"inline_featured_image":false,"_monsterinsights_skip_tracking":false,"_monsterinsights_sitenote_active":false,"_monsterinsights_sitenote_note":"","_monsterinsights_sitenote_category":0},"product_brand":[],"product_cat":[79],"product_tag":[],"class_list":{"0":"post-2797","1":"product","2":"type-product","3":"status-publish","4":"has-post-thumbnail","6":"product_cat-vinos-blancos","7":"pa_bodega-belondrade","8":"pa_estilo-blanco-joven-fresco-con-estructura","9":"pa_zona-vinicola-d-o-rueda","11":"first","12":"instock","13":"taxable","14":"shipping-taxable","15":"purchasable","16":"product-type-simple"},"_links":{"self":[{"href":"https:\/\/www.mr-vin.com\/en\/wp-json\/wp\/v2\/product\/2797","targetHints":{"allow":["GET"]}}],"collection":[{"href":"https:\/\/www.mr-vin.com\/en\/wp-json\/wp\/v2\/product"}],"about":[{"href":"https:\/\/www.mr-vin.com\/en\/wp-json\/wp\/v2\/types\/product"}],"wp:featuredmedia":[{"embeddable":true,"href":"https:\/\/www.mr-vin.com\/en\/wp-json\/wp\/v2\/media\/640"}],"wp:attachment":[{"href":"https:\/\/www.mr-vin.com\/en\/wp-json\/wp\/v2\/media?parent=2797"}],"wp:term":[{"taxonomy":"product_brand","embeddable":true,"href":"https:\/\/www.mr-vin.com\/en\/wp-json\/wp\/v2\/product_brand?post=2797"},{"taxonomy":"product_cat","embeddable":true,"href":"https:\/\/www.mr-vin.com\/en\/wp-json\/wp\/v2\/product_cat?post=2797"},{"taxonomy":"product_tag","embeddable":true,"href":"https:\/\/www.mr-vin.com\/en\/wp-json\/wp\/v2\/product_tag?post=2797"}],"curies":[{"name":"wp","href":"https:\/\/api.w.org\/{rel}","templated":true}]}}