{"id":2792,"date":"2020-08-10T18:36:54","date_gmt":"2020-08-10T18:36:54","guid":{"rendered":"https:\/\/www.mr-vin.com\/producto\/import-placeholder-for-148\/"},"modified":"2025-12-12T13:58:11","modified_gmt":"2025-12-12T11:58:11","slug":"hacienda-lopez-de-haro-gran-reserva","status":"publish","type":"product","link":"https:\/\/www.mr-vin.com\/en\/product\/hacienda-lopez-de-haro-gran-reserva\/","title":{"rendered":"Hacienda L\u00f3pez de Haro Gran Reserva"},"content":{"rendered":"<p>Tempranillo y graciano. 30 meses en barrica de roble franc\u00e9s y americano y 3 a\u00f1os en botella.<\/p>\n","protected":false},"excerpt":{"rendered":"<p>Tempranillo y graciano. 30 meses en barrica de roble franc\u00e9s y americano y 3 a\u00f1os en botella.<\/p>\n","protected":false},"featured_media":616,"template":"","meta":{"inline_featured_image":false,"_monsterinsights_skip_tracking":false,"_monsterinsights_sitenote_active":false,"_monsterinsights_sitenote_note":"","_monsterinsights_sitenote_category":0},"product_brand":[],"product_cat":[77],"product_tag":[],"class_list":{"0":"post-2792","1":"product","2":"type-product","3":"status-publish","4":"has-post-thumbnail","6":"product_cat-vinos-tintos","7":"pa_bodega-hacienda-lopez-de-haro","8":"pa_estilo-intensidad-media","9":"pa_estilo-tinto-maduro","10":"pa_zona-vinicola-d-o-c-rioja","12":"first","13":"outofstock","14":"taxable","15":"shipping-taxable","16":"purchasable","17":"product-type-simple"},"_links":{"self":[{"href":"https:\/\/www.mr-vin.com\/en\/wp-json\/wp\/v2\/product\/2792","targetHints":{"allow":["GET"]}}],"collection":[{"href":"https:\/\/www.mr-vin.com\/en\/wp-json\/wp\/v2\/product"}],"about":[{"href":"https:\/\/www.mr-vin.com\/en\/wp-json\/wp\/v2\/types\/product"}],"wp:featuredmedia":[{"embeddable":true,"href":"https:\/\/www.mr-vin.com\/en\/wp-json\/wp\/v2\/media\/616"}],"wp:attachment":[{"href":"https:\/\/www.mr-vin.com\/en\/wp-json\/wp\/v2\/media?parent=2792"}],"wp:term":[{"taxonomy":"product_brand","embeddable":true,"href":"https:\/\/www.mr-vin.com\/en\/wp-json\/wp\/v2\/product_brand?post=2792"},{"taxonomy":"product_cat","embeddable":true,"href":"https:\/\/www.mr-vin.com\/en\/wp-json\/wp\/v2\/product_cat?post=2792"},{"taxonomy":"product_tag","embeddable":true,"href":"https:\/\/www.mr-vin.com\/en\/wp-json\/wp\/v2\/product_tag?post=2792"}],"curies":[{"name":"wp","href":"https:\/\/api.w.org\/{rel}","templated":true}]}}