{"id":2784,"date":"2020-08-10T18:36:54","date_gmt":"2020-08-10T16:36:54","guid":{"rendered":"https:\/\/www.mr-vin.com\/producto\/import-placeholder-for-136\/"},"modified":"2025-10-09T18:26:56","modified_gmt":"2025-10-09T16:26:56","slug":"terras-gauda","status":"publish","type":"product","link":"https:\/\/www.mr-vin.com\/en\/product\/terras-gauda\/","title":{"rendered":"Terras Gauda"},"content":{"rendered":"<p>Es un blanco <strong>fresco y corpulento<\/strong>, un punto <strong>goloso<\/strong> y <strong>arom\u00e1ticamente complejo<\/strong> debido a la suma de los tres varietales implicados en la mezcla: melocot\u00f3n maduro, pi\u00f1a, refrescantes c\u00edtricos y recuerdos de flor de azahar y de menta. El terru\u00f1o tambi\u00e9n impregna el car\u00e1cter del vino con notas terrosas y de <strong>laurel<\/strong>.<\/p>\n<p>70% albari\u00f1o, 20% cai\u00f1o y 10% loureiro. Maceraci\u00f3n en frio y fermantaci\u00f3n en inox.<\/p>\n<p><em><strong>Marida<\/strong> genial con cocina asi\u00e1tica, mariscos, aves y carnes blancas.<\/em><\/p>\n<figure><\/figure>\n","protected":false},"excerpt":{"rendered":"<p>Es un blanco fresco y corpulento, un punto goloso y arom\u00e1ticamente complejo debido a la suma de los tres varietales\u2026<\/p>\n","protected":false},"featured_media":587,"template":"","meta":{"inline_featured_image":false,"_monsterinsights_skip_tracking":false,"_monsterinsights_sitenote_active":false,"_monsterinsights_sitenote_note":"","_monsterinsights_sitenote_category":0},"product_brand":[],"product_cat":[79],"product_tag":[444],"class_list":{"0":"post-2784","1":"product","2":"type-product","3":"status-publish","4":"has-post-thumbnail","6":"product_cat-vinos-blancos","7":"product_tag-vinos-para-regalar-y-quedar-muy-bien","8":"pa_bodega-terras-gauda","9":"pa_estilo-blanco-joven-fresco-y-afrutado","10":"pa_zona-vinicola-d-o-rias-baixas","12":"first","13":"instock","14":"taxable","15":"shipping-taxable","16":"purchasable","17":"product-type-simple"},"_links":{"self":[{"href":"https:\/\/www.mr-vin.com\/en\/wp-json\/wp\/v2\/product\/2784","targetHints":{"allow":["GET"]}}],"collection":[{"href":"https:\/\/www.mr-vin.com\/en\/wp-json\/wp\/v2\/product"}],"about":[{"href":"https:\/\/www.mr-vin.com\/en\/wp-json\/wp\/v2\/types\/product"}],"wp:featuredmedia":[{"embeddable":true,"href":"https:\/\/www.mr-vin.com\/en\/wp-json\/wp\/v2\/media\/587"}],"wp:attachment":[{"href":"https:\/\/www.mr-vin.com\/en\/wp-json\/wp\/v2\/media?parent=2784"}],"wp:term":[{"taxonomy":"product_brand","embeddable":true,"href":"https:\/\/www.mr-vin.com\/en\/wp-json\/wp\/v2\/product_brand?post=2784"},{"taxonomy":"product_cat","embeddable":true,"href":"https:\/\/www.mr-vin.com\/en\/wp-json\/wp\/v2\/product_cat?post=2784"},{"taxonomy":"product_tag","embeddable":true,"href":"https:\/\/www.mr-vin.com\/en\/wp-json\/wp\/v2\/product_tag?post=2784"}],"curies":[{"name":"wp","href":"https:\/\/api.w.org\/{rel}","templated":true}]}}