{"id":2773,"date":"2020-08-10T18:36:53","date_gmt":"2020-08-10T16:36:53","guid":{"rendered":"https:\/\/www.mr-vin.com\/producto\/import-placeholder-for-125\/"},"modified":"2024-05-30T12:55:48","modified_gmt":"2024-05-30T10:55:48","slug":"vilosell-negre","status":"publish","type":"product","link":"https:\/\/www.mr-vin.com\/en\/product\/vilosell-negre\/","title":{"rendered":"Vilosell Negre"},"content":{"rendered":"<p>Tempranillo y syrah. Vi\u00f1edos a m\u00e1s de 600 metros de altitud. 9 meses de crianza en barrica de roble franc\u00e9s de segundo y tercer a\u00f1o.<\/p>\n","protected":false},"excerpt":{"rendered":"<p>Tempranillo y syrah. Vi\u00f1edos a m\u00e1s de 600 metros de altitud. 9 meses de crianza en barrica de roble franc\u00e9s\u2026<\/p>\n","protected":false},"featured_media":556,"template":"","meta":{"inline_featured_image":false,"_monsterinsights_skip_tracking":false,"_monsterinsights_sitenote_active":false,"_monsterinsights_sitenote_note":"","_monsterinsights_sitenote_category":0},"product_brand":[],"product_cat":[792,77],"product_tag":[],"class_list":{"0":"post-2773","1":"product","2":"type-product","3":"status-publish","4":"has-post-thumbnail","6":"product_cat-novedades","7":"product_cat-vinos-tintos","8":"pa_bodega-tomas-cusine","9":"pa_estilo-intensidad-media","10":"pa_estilo-tinto-suave-fresco","11":"pa_zona-vinicola-d-o-costers-del-segre","13":"first","14":"instock","15":"taxable","16":"shipping-taxable","17":"purchasable","18":"product-type-simple"},"_links":{"self":[{"href":"https:\/\/www.mr-vin.com\/en\/wp-json\/wp\/v2\/product\/2773","targetHints":{"allow":["GET"]}}],"collection":[{"href":"https:\/\/www.mr-vin.com\/en\/wp-json\/wp\/v2\/product"}],"about":[{"href":"https:\/\/www.mr-vin.com\/en\/wp-json\/wp\/v2\/types\/product"}],"wp:featuredmedia":[{"embeddable":true,"href":"https:\/\/www.mr-vin.com\/en\/wp-json\/wp\/v2\/media\/556"}],"wp:attachment":[{"href":"https:\/\/www.mr-vin.com\/en\/wp-json\/wp\/v2\/media?parent=2773"}],"wp:term":[{"taxonomy":"product_brand","embeddable":true,"href":"https:\/\/www.mr-vin.com\/en\/wp-json\/wp\/v2\/product_brand?post=2773"},{"taxonomy":"product_cat","embeddable":true,"href":"https:\/\/www.mr-vin.com\/en\/wp-json\/wp\/v2\/product_cat?post=2773"},{"taxonomy":"product_tag","embeddable":true,"href":"https:\/\/www.mr-vin.com\/en\/wp-json\/wp\/v2\/product_tag?post=2773"}],"curies":[{"name":"wp","href":"https:\/\/api.w.org\/{rel}","templated":true}]}}