{"id":2771,"date":"2020-08-10T18:36:53","date_gmt":"2020-08-10T18:36:53","guid":{"rendered":"https:\/\/www.mr-vin.com\/producto\/import-placeholder-for-123\/"},"modified":"2024-05-30T12:55:48","modified_gmt":"2024-05-30T10:55:48","slug":"gramona-mas-escorpi-chardonnay","status":"publish","type":"product","link":"https:\/\/www.mr-vin.com\/en\/product\/gramona-mas-escorpi-chardonnay\/","title":{"rendered":"Gramona Mas Escorp\u00ed Chardonnay"},"content":{"rendered":"<p>100% chardonnay T\u00eate de Cuv\u00e9e. Fermentaci\u00f3n de 43 d\u00edas a baja temperatura.<\/p>\n","protected":false},"excerpt":{"rendered":"<p>100% chardonnay T\u00eate de Cuv\u00e9e. Fermentaci\u00f3n de 43 d\u00edas a baja temperatura.<\/p>\n","protected":false},"featured_media":554,"template":"","meta":{"inline_featured_image":false,"_monsterinsights_skip_tracking":false,"_monsterinsights_sitenote_active":false,"_monsterinsights_sitenote_note":"","_monsterinsights_sitenote_category":0},"product_brand":[],"product_cat":[79,78],"product_tag":[],"class_list":{"0":"post-2771","1":"product","2":"type-product","3":"status-publish","4":"has-post-thumbnail","6":"product_cat-vinos-blancos","7":"product_cat-vinos-ecologicos","8":"pa_bodega-gramona","9":"pa_estilo-blanco-joven-fresco-con-estructura","10":"pa_zona-vinicola-d-o-penedes","12":"first","13":"instock","14":"taxable","15":"shipping-taxable","16":"purchasable","17":"product-type-simple"},"_links":{"self":[{"href":"https:\/\/www.mr-vin.com\/en\/wp-json\/wp\/v2\/product\/2771","targetHints":{"allow":["GET"]}}],"collection":[{"href":"https:\/\/www.mr-vin.com\/en\/wp-json\/wp\/v2\/product"}],"about":[{"href":"https:\/\/www.mr-vin.com\/en\/wp-json\/wp\/v2\/types\/product"}],"wp:featuredmedia":[{"embeddable":true,"href":"https:\/\/www.mr-vin.com\/en\/wp-json\/wp\/v2\/media\/554"}],"wp:attachment":[{"href":"https:\/\/www.mr-vin.com\/en\/wp-json\/wp\/v2\/media?parent=2771"}],"wp:term":[{"taxonomy":"product_brand","embeddable":true,"href":"https:\/\/www.mr-vin.com\/en\/wp-json\/wp\/v2\/product_brand?post=2771"},{"taxonomy":"product_cat","embeddable":true,"href":"https:\/\/www.mr-vin.com\/en\/wp-json\/wp\/v2\/product_cat?post=2771"},{"taxonomy":"product_tag","embeddable":true,"href":"https:\/\/www.mr-vin.com\/en\/wp-json\/wp\/v2\/product_tag?post=2771"}],"curies":[{"name":"wp","href":"https:\/\/api.w.org\/{rel}","templated":true}]}}