{"id":2770,"date":"2020-08-10T18:36:53","date_gmt":"2020-08-10T16:36:53","guid":{"rendered":"https:\/\/www.mr-vin.com\/producto\/import-placeholder-for-122\/"},"modified":"2025-03-15T09:14:27","modified_gmt":"2025-03-15T07:14:27","slug":"el-recio","status":"publish","type":"product","link":"https:\/\/www.mr-vin.com\/en\/product\/el-recio\/","title":{"rendered":"El Recio"},"content":{"rendered":"<p>100% tinta de toro de vi\u00f1edos de 90-100 a\u00f1os. 12 meses de crianza. Biodin\u00e1mico.<\/p>\n","protected":false},"excerpt":{"rendered":"<p>100% tinta de toro de vi\u00f1edos de 90-100 a\u00f1os. 12 meses de crianza. Biodin\u00e1mico.<\/p>\n","protected":false},"featured_media":553,"template":"","meta":{"inline_featured_image":false,"_monsterinsights_skip_tracking":false,"_monsterinsights_sitenote_active":false,"_monsterinsights_sitenote_note":"","_monsterinsights_sitenote_category":0},"product_brand":[],"product_cat":[77],"product_tag":[],"class_list":{"0":"post-2770","1":"product","2":"type-product","3":"status-publish","4":"has-post-thumbnail","6":"product_cat-vinos-tintos","7":"pa_bodega-matsu","8":"pa_estilo-buena-estructura","9":"pa_estilo-tinto-con-cuerpo","10":"pa_zona-vinicola-d-o-toro","12":"first","13":"instock","14":"taxable","15":"shipping-taxable","16":"purchasable","17":"product-type-simple"},"_links":{"self":[{"href":"https:\/\/www.mr-vin.com\/en\/wp-json\/wp\/v2\/product\/2770","targetHints":{"allow":["GET"]}}],"collection":[{"href":"https:\/\/www.mr-vin.com\/en\/wp-json\/wp\/v2\/product"}],"about":[{"href":"https:\/\/www.mr-vin.com\/en\/wp-json\/wp\/v2\/types\/product"}],"wp:featuredmedia":[{"embeddable":true,"href":"https:\/\/www.mr-vin.com\/en\/wp-json\/wp\/v2\/media\/553"}],"wp:attachment":[{"href":"https:\/\/www.mr-vin.com\/en\/wp-json\/wp\/v2\/media?parent=2770"}],"wp:term":[{"taxonomy":"product_brand","embeddable":true,"href":"https:\/\/www.mr-vin.com\/en\/wp-json\/wp\/v2\/product_brand?post=2770"},{"taxonomy":"product_cat","embeddable":true,"href":"https:\/\/www.mr-vin.com\/en\/wp-json\/wp\/v2\/product_cat?post=2770"},{"taxonomy":"product_tag","embeddable":true,"href":"https:\/\/www.mr-vin.com\/en\/wp-json\/wp\/v2\/product_tag?post=2770"}],"curies":[{"name":"wp","href":"https:\/\/api.w.org\/{rel}","templated":true}]}}