{"id":2761,"date":"2020-08-10T18:36:42","date_gmt":"2020-08-10T18:36:42","guid":{"rendered":"https:\/\/www.mr-vin.com\/producto\/import-placeholder-for-113\/"},"modified":"2026-02-04T12:45:29","modified_gmt":"2026-02-04T10:45:29","slug":"naia-verdejo","status":"publish","type":"product","link":"https:\/\/www.mr-vin.com\/en\/product\/naia-verdejo\/","title":{"rendered":"Naia Verdejo"},"content":{"rendered":"<p>100% vedejo con crianza sobre l\u00edas 4 meses en dep\u00f3sitos de inox y roble franc\u00e9s.<\/p>\n","protected":false},"excerpt":{"rendered":"<p>100% vedejo con crianza sobre l\u00edas 4 meses en dep\u00f3sitos de inox y roble franc\u00e9s.<\/p>\n","protected":false},"featured_media":530,"template":"","meta":{"inline_featured_image":false,"_monsterinsights_skip_tracking":false,"_monsterinsights_sitenote_active":false,"_monsterinsights_sitenote_note":"","_monsterinsights_sitenote_category":0},"product_brand":[],"product_cat":[988,79],"product_tag":[],"class_list":{"0":"post-2761","1":"product","2":"type-product","3":"status-publish","4":"has-post-thumbnail","6":"product_cat-san-valentin-2026","7":"product_cat-vinos-blancos","8":"pa_bodega-naia","9":"pa_estilo-blanco-joven-fresco-con-estructura","10":"pa_zona-vinicola-d-o-rueda","12":"first","13":"instock","14":"taxable","15":"shipping-taxable","16":"purchasable","17":"product-type-simple"},"_links":{"self":[{"href":"https:\/\/www.mr-vin.com\/en\/wp-json\/wp\/v2\/product\/2761","targetHints":{"allow":["GET"]}}],"collection":[{"href":"https:\/\/www.mr-vin.com\/en\/wp-json\/wp\/v2\/product"}],"about":[{"href":"https:\/\/www.mr-vin.com\/en\/wp-json\/wp\/v2\/types\/product"}],"wp:featuredmedia":[{"embeddable":true,"href":"https:\/\/www.mr-vin.com\/en\/wp-json\/wp\/v2\/media\/530"}],"wp:attachment":[{"href":"https:\/\/www.mr-vin.com\/en\/wp-json\/wp\/v2\/media?parent=2761"}],"wp:term":[{"taxonomy":"product_brand","embeddable":true,"href":"https:\/\/www.mr-vin.com\/en\/wp-json\/wp\/v2\/product_brand?post=2761"},{"taxonomy":"product_cat","embeddable":true,"href":"https:\/\/www.mr-vin.com\/en\/wp-json\/wp\/v2\/product_cat?post=2761"},{"taxonomy":"product_tag","embeddable":true,"href":"https:\/\/www.mr-vin.com\/en\/wp-json\/wp\/v2\/product_tag?post=2761"}],"curies":[{"name":"wp","href":"https:\/\/api.w.org\/{rel}","templated":true}]}}