{"id":2759,"date":"2020-08-10T18:36:42","date_gmt":"2020-08-10T16:36:42","guid":{"rendered":"https:\/\/www.mr-vin.com\/producto\/import-placeholder-for-111\/"},"modified":"2026-02-04T12:46:02","modified_gmt":"2026-02-04T10:46:02","slug":"sainte-marie-rose","status":"publish","type":"product","link":"https:\/\/www.mr-vin.com\/en\/product\/sainte-marie-rose\/","title":{"rendered":"Sainte Marie rose"},"content":{"rendered":"<p>35% cinsault, 25% garnacha, 20% syrah, cari\u00f1ena y cabernet sauvignon, <span class=\"Y2IQFc\" lang=\"es\">todas ellas <strong>ecol\u00f3gicas certificadas<\/strong>. De color agua con un ribete asalmonado p\u00e1lido. La nariz fragantemente perfumada ve aromas de melocot\u00f3n, frambuesa y almizcle ligero seguidos de algunas notas finales de p\u00e9talos de rosa. <\/span><span class=\"Y2IQFc\" lang=\"es\">Excelente intensidad y profundidad con un postgusto largo y delicioso.<\/span><\/p>\n<p>&nbsp;<\/p>\n<p><em><strong>Maridaje: <\/strong>Ideal para tomarlo con entrantes ligeros, marisco suave o quesos frescos de cabra. Los pat\u00e9s m\u00e1s ligeros, tipo at\u00fan, sobre un pan fino y crujiente de aroma neutro resaltar\u00e1n la sutileza de estos vinos.<br \/>\n<\/em><\/p>\n","protected":false},"excerpt":{"rendered":"<p>35% cinsault, 25% garnacha, 20% syrah, cari\u00f1ena y cabernet sauvignon, todas ellas ecol\u00f3gicas certificadas. De color agua con un ribete\u2026<\/p>\n","protected":false},"featured_media":920,"template":"","meta":{"inline_featured_image":false,"_monsterinsights_skip_tracking":false,"_monsterinsights_sitenote_active":false,"_monsterinsights_sitenote_note":"","_monsterinsights_sitenote_category":0},"product_brand":[],"product_cat":[792,840,988,78,80],"product_tag":[],"class_list":{"0":"post-2759","1":"product","2":"type-product","3":"status-publish","4":"has-post-thumbnail","6":"product_cat-novedades","7":"product_cat-rose-summer","8":"product_cat-san-valentin-2026","9":"product_cat-vinos-ecologicos","10":"product_cat-vinos-rosados","11":"pa_bodega-domaine-sainte-marie","12":"pa_estilo-fresco-y-afrutado","13":"pa_estilo-rosado-suave","14":"pa_zona-vinicola-cotes-de-provence","16":"first","17":"instock","18":"taxable","19":"shipping-taxable","20":"purchasable","21":"product-type-simple"},"_links":{"self":[{"href":"https:\/\/www.mr-vin.com\/en\/wp-json\/wp\/v2\/product\/2759","targetHints":{"allow":["GET"]}}],"collection":[{"href":"https:\/\/www.mr-vin.com\/en\/wp-json\/wp\/v2\/product"}],"about":[{"href":"https:\/\/www.mr-vin.com\/en\/wp-json\/wp\/v2\/types\/product"}],"wp:featuredmedia":[{"embeddable":true,"href":"https:\/\/www.mr-vin.com\/en\/wp-json\/wp\/v2\/media\/920"}],"wp:attachment":[{"href":"https:\/\/www.mr-vin.com\/en\/wp-json\/wp\/v2\/media?parent=2759"}],"wp:term":[{"taxonomy":"product_brand","embeddable":true,"href":"https:\/\/www.mr-vin.com\/en\/wp-json\/wp\/v2\/product_brand?post=2759"},{"taxonomy":"product_cat","embeddable":true,"href":"https:\/\/www.mr-vin.com\/en\/wp-json\/wp\/v2\/product_cat?post=2759"},{"taxonomy":"product_tag","embeddable":true,"href":"https:\/\/www.mr-vin.com\/en\/wp-json\/wp\/v2\/product_tag?post=2759"}],"curies":[{"name":"wp","href":"https:\/\/api.w.org\/{rel}","templated":true}]}}