{"id":2752,"date":"2020-08-10T18:36:41","date_gmt":"2020-08-10T16:36:41","guid":{"rendered":"https:\/\/www.mr-vin.com\/producto\/import-placeholder-for-104\/"},"modified":"2026-04-07T12:36:33","modified_gmt":"2026-04-07T10:36:33","slug":"lalegria-bobal-cepas-viejas","status":"publish","type":"product","link":"https:\/\/www.mr-vin.com\/en\/product\/lalegria-bobal-cepas-viejas\/","title":{"rendered":"L&#8217;Alegria Bobal Cepas Viejas"},"content":{"rendered":"<p>100% bobal.<br \/>\nVi\u00f1edos de 80 a\u00f1os a 900 m de altitud. 3 meses en dep\u00f3sitos de hormig\u00f3n y 9 meses de crianza en barricas de 500 litros.<\/p>\n<p><em><b>Maridaje: <\/b>Carnes blancas, carnes a la brasa, platos de cuchara, arroz de pollo campero con alcachofas y caracoles, y arroces en general.\u00a0<\/em><\/p>\n","protected":false},"excerpt":{"rendered":"<p>100% bobal. Vi\u00f1edos de 80 a\u00f1os a 900 m de altitud. 3 meses en dep\u00f3sitos de hormig\u00f3n y 9 meses\u2026<\/p>\n","protected":false},"featured_media":10046,"template":"","meta":{"inline_featured_image":false,"_monsterinsights_skip_tracking":false,"_monsterinsights_sitenote_active":false,"_monsterinsights_sitenote_note":"","_monsterinsights_sitenote_category":0},"product_brand":[],"product_cat":[77],"product_tag":[],"class_list":{"0":"post-2752","1":"product","2":"type-product","3":"status-publish","4":"has-post-thumbnail","6":"product_cat-vinos-tintos","7":"pa_bodega-bruno-murciano","8":"pa_estilo-intensidad-media","9":"pa_estilo-tinto-suave-fresco","10":"pa_zona-vinicola-d-o-utiel-requena","12":"first","13":"instock","14":"taxable","15":"shipping-taxable","16":"purchasable","17":"product-type-simple"},"_links":{"self":[{"href":"https:\/\/www.mr-vin.com\/en\/wp-json\/wp\/v2\/product\/2752","targetHints":{"allow":["GET"]}}],"collection":[{"href":"https:\/\/www.mr-vin.com\/en\/wp-json\/wp\/v2\/product"}],"about":[{"href":"https:\/\/www.mr-vin.com\/en\/wp-json\/wp\/v2\/types\/product"}],"wp:featuredmedia":[{"embeddable":true,"href":"https:\/\/www.mr-vin.com\/en\/wp-json\/wp\/v2\/media\/10046"}],"wp:attachment":[{"href":"https:\/\/www.mr-vin.com\/en\/wp-json\/wp\/v2\/media?parent=2752"}],"wp:term":[{"taxonomy":"product_brand","embeddable":true,"href":"https:\/\/www.mr-vin.com\/en\/wp-json\/wp\/v2\/product_brand?post=2752"},{"taxonomy":"product_cat","embeddable":true,"href":"https:\/\/www.mr-vin.com\/en\/wp-json\/wp\/v2\/product_cat?post=2752"},{"taxonomy":"product_tag","embeddable":true,"href":"https:\/\/www.mr-vin.com\/en\/wp-json\/wp\/v2\/product_tag?post=2752"}],"curies":[{"name":"wp","href":"https:\/\/api.w.org\/{rel}","templated":true}]}}