{"id":2744,"date":"2020-08-10T18:36:41","date_gmt":"2020-08-10T18:36:41","guid":{"rendered":"https:\/\/www.mr-vin.com\/producto\/import-placeholder-for-96\/"},"modified":"2024-05-30T12:55:45","modified_gmt":"2024-05-30T10:55:45","slug":"agricola-de-cadalso-garnacha","status":"publish","type":"product","link":"https:\/\/www.mr-vin.com\/en\/product\/agricola-de-cadalso-garnacha\/","title":{"rendered":"Agr\u00edcola de Cadalso garnacha"},"content":{"rendered":"<p>100% garnacha. Fermentado y macerado en dep\u00f3stios de hormig\u00f3n.<\/p>\n","protected":false},"excerpt":{"rendered":"<p>100% garnacha. Fermentado y macerado en dep\u00f3stios de hormig\u00f3n.<\/p>\n","protected":false},"featured_media":477,"template":"","meta":{"inline_featured_image":false,"_monsterinsights_skip_tracking":false,"_monsterinsights_sitenote_active":false,"_monsterinsights_sitenote_note":"","_monsterinsights_sitenote_category":0},"product_brand":[],"product_cat":[77],"product_tag":[],"class_list":{"0":"post-2744","1":"product","2":"type-product","3":"status-publish","4":"has-post-thumbnail","6":"product_cat-vinos-tintos","7":"pa_bodega-comando-g","8":"pa_estilo-intensidad-media","9":"pa_estilo-tinto-suave-fresco","10":"pa_zona-vinicola-d-o-vinos-de-madrid","12":"first","13":"instock","14":"taxable","15":"shipping-taxable","16":"purchasable","17":"product-type-simple"},"_links":{"self":[{"href":"https:\/\/www.mr-vin.com\/en\/wp-json\/wp\/v2\/product\/2744","targetHints":{"allow":["GET"]}}],"collection":[{"href":"https:\/\/www.mr-vin.com\/en\/wp-json\/wp\/v2\/product"}],"about":[{"href":"https:\/\/www.mr-vin.com\/en\/wp-json\/wp\/v2\/types\/product"}],"wp:featuredmedia":[{"embeddable":true,"href":"https:\/\/www.mr-vin.com\/en\/wp-json\/wp\/v2\/media\/477"}],"wp:attachment":[{"href":"https:\/\/www.mr-vin.com\/en\/wp-json\/wp\/v2\/media?parent=2744"}],"wp:term":[{"taxonomy":"product_brand","embeddable":true,"href":"https:\/\/www.mr-vin.com\/en\/wp-json\/wp\/v2\/product_brand?post=2744"},{"taxonomy":"product_cat","embeddable":true,"href":"https:\/\/www.mr-vin.com\/en\/wp-json\/wp\/v2\/product_cat?post=2744"},{"taxonomy":"product_tag","embeddable":true,"href":"https:\/\/www.mr-vin.com\/en\/wp-json\/wp\/v2\/product_tag?post=2744"}],"curies":[{"name":"wp","href":"https:\/\/api.w.org\/{rel}","templated":true}]}}