{"id":2736,"date":"2020-08-10T18:36:33","date_gmt":"2020-08-10T18:36:33","guid":{"rendered":"https:\/\/www.mr-vin.com\/producto\/import-placeholder-for-88\/"},"modified":"2024-10-28T12:45:50","modified_gmt":"2024-10-28T10:45:50","slug":"sardon","status":"publish","type":"product","link":"https:\/\/www.mr-vin.com\/en\/product\/sardon\/","title":{"rendered":"Sard\u00f3n"},"content":{"rendered":"<p>93% tempranillo, resto cabernet sauvignon, garnacha tintorera y malbec de vi\u00f1as de 35 a\u00f1os. 12 meses de crianza: 6 en barricas + 6 en Inox y cemento.<\/p>\n","protected":false},"excerpt":{"rendered":"<p>93% tempranillo, resto cabernet sauvignon, garnacha tintorera y malbec de vi\u00f1as de 35 a\u00f1os. 12 meses de crianza: 6 en\u2026<\/p>\n","protected":false},"featured_media":469,"template":"","meta":{"inline_featured_image":false,"_monsterinsights_skip_tracking":false,"_monsterinsights_sitenote_active":false,"_monsterinsights_sitenote_note":"","_monsterinsights_sitenote_category":0},"product_brand":[],"product_cat":[77],"product_tag":[],"class_list":{"0":"post-2736","1":"product","2":"type-product","3":"status-publish","4":"has-post-thumbnail","6":"product_cat-vinos-tintos","7":"pa_bodega-quinta-sardonia","8":"pa_estilo-buena-estructura","9":"pa_estilo-tinto-con-cuerpo","10":"pa_zona-vinicola-v-t-castilla-y-leon","12":"first","13":"instock","14":"taxable","15":"shipping-taxable","16":"purchasable","17":"product-type-simple"},"_links":{"self":[{"href":"https:\/\/www.mr-vin.com\/en\/wp-json\/wp\/v2\/product\/2736","targetHints":{"allow":["GET"]}}],"collection":[{"href":"https:\/\/www.mr-vin.com\/en\/wp-json\/wp\/v2\/product"}],"about":[{"href":"https:\/\/www.mr-vin.com\/en\/wp-json\/wp\/v2\/types\/product"}],"wp:featuredmedia":[{"embeddable":true,"href":"https:\/\/www.mr-vin.com\/en\/wp-json\/wp\/v2\/media\/469"}],"wp:attachment":[{"href":"https:\/\/www.mr-vin.com\/en\/wp-json\/wp\/v2\/media?parent=2736"}],"wp:term":[{"taxonomy":"product_brand","embeddable":true,"href":"https:\/\/www.mr-vin.com\/en\/wp-json\/wp\/v2\/product_brand?post=2736"},{"taxonomy":"product_cat","embeddable":true,"href":"https:\/\/www.mr-vin.com\/en\/wp-json\/wp\/v2\/product_cat?post=2736"},{"taxonomy":"product_tag","embeddable":true,"href":"https:\/\/www.mr-vin.com\/en\/wp-json\/wp\/v2\/product_tag?post=2736"}],"curies":[{"name":"wp","href":"https:\/\/api.w.org\/{rel}","templated":true}]}}