{"id":265,"date":"2020-07-21T11:21:48","date_gmt":"2020-07-21T11:21:48","guid":{"rendered":"https:\/\/www.mr-vin.com\/producto\/import-placeholder-for-2653\/"},"modified":"2026-04-29T12:14:02","modified_gmt":"2026-04-29T10:14:02","slug":"lb1-verdejo","status":"publish","type":"product","link":"https:\/\/www.mr-vin.com\/en\/product\/lb1-verdejo\/","title":{"rendered":"LB1 Verdejo"},"content":{"rendered":"<p>100% verdejo de vi\u00f1as j\u00f3venes.<\/p>\n<p>Fresco y afrutado en nariz con un paladar complejo y envolvente con notas de hinojo y boj, t\u00edpicos de la variedad. Ofrece a la vista un bonito color amarillo alimonado p\u00e1lido, verdoso, limpio y brillante. Fermentaci\u00f3n en dep\u00f3sito de acero inoxidable Con removido de l\u00edas durante un m\u00ednimo de 3 meses.<\/p>\n<p><em><strong>Maridaje:<\/strong>\u00a0Pescado y marisco fresco, pastas y arroces.<\/em><\/p>\n","protected":false},"excerpt":{"rendered":"<p>100% verdejo de vi\u00f1as j\u00f3venes. Fresco y afrutado en nariz con un paladar complejo y envolvente con notas de hinojo\u2026<\/p>\n","protected":false},"featured_media":295,"template":"","meta":{"inline_featured_image":false,"_monsterinsights_skip_tracking":false,"_monsterinsights_sitenote_active":false,"_monsterinsights_sitenote_note":"","_monsterinsights_sitenote_category":0},"product_brand":[],"product_cat":[79],"product_tag":[],"class_list":{"0":"post-265","1":"product","2":"type-product","3":"status-publish","4":"has-post-thumbnail","6":"product_cat-vinos-blancos","7":"pa_bodega-cuatro-rayas","8":"pa_estilo-blanco-joven-fresco-y-afrutado","9":"pa_zona-vinicola-d-o-rueda","11":"first","12":"instock","13":"taxable","14":"shipping-taxable","15":"purchasable","16":"product-type-simple"},"_links":{"self":[{"href":"https:\/\/www.mr-vin.com\/en\/wp-json\/wp\/v2\/product\/265","targetHints":{"allow":["GET"]}}],"collection":[{"href":"https:\/\/www.mr-vin.com\/en\/wp-json\/wp\/v2\/product"}],"about":[{"href":"https:\/\/www.mr-vin.com\/en\/wp-json\/wp\/v2\/types\/product"}],"wp:featuredmedia":[{"embeddable":true,"href":"https:\/\/www.mr-vin.com\/en\/wp-json\/wp\/v2\/media\/295"}],"wp:attachment":[{"href":"https:\/\/www.mr-vin.com\/en\/wp-json\/wp\/v2\/media?parent=265"}],"wp:term":[{"taxonomy":"product_brand","embeddable":true,"href":"https:\/\/www.mr-vin.com\/en\/wp-json\/wp\/v2\/product_brand?post=265"},{"taxonomy":"product_cat","embeddable":true,"href":"https:\/\/www.mr-vin.com\/en\/wp-json\/wp\/v2\/product_cat?post=265"},{"taxonomy":"product_tag","embeddable":true,"href":"https:\/\/www.mr-vin.com\/en\/wp-json\/wp\/v2\/product_tag?post=265"}],"curies":[{"name":"wp","href":"https:\/\/api.w.org\/{rel}","templated":true}]}}